{"id":374,"date":"2023-11-13T08:32:03","date_gmt":"2023-11-13T08:32:03","guid":{"rendered":"https:\/\/sunflow.es\/sunflow\/?post_type=product&#038;p=374"},"modified":"2024-08-06T08:48:28","modified_gmt":"2024-08-06T08:48:28","slug":"colgante-laflordelsol-25mm-altzairuna-bakarrik-urrezkoa","status":"publish","type":"product","link":"https:\/\/sunflow.es\/eu\/produktua\/colgante-laflordelsol-25mm-altzairuna-bakarrik-urrezkoa\/","title":{"rendered":"Colgante la Flor del Sol 25mm Altzairuna Bakarrik Urrezkoa"},"content":{"rendered":"<p><strong>La Flor del Sol Urrezkoa<\/strong>: Este incre\u00edble\u00a0<strong>colgante<\/strong> en forma de l<strong>a Flor del Sol<\/strong><strong>\u00a0<\/strong>de 25mm de di\u00e1metro est\u00e1 elaborado de\u00a0<strong>acero quir\u00fargico inoxidable de la mejor calidad (acero 316 L anti- alerg\u00e9nico) Solo Acero (Altzairua Bakarrik). Dise\u00f1o Reversible y Unisex.\u00a0<\/strong>Est\u00e1 listo para regalar, viene junto con su elegante cajita Sun &amp; Flow, descripci\u00f3n y cadena de 50cm!<\/p>\n<p><strong>La Flor del Sol Urrezkoa:<\/strong>\u00a0Directamente del taller artesanal<strong> Sun &amp; Flow<\/strong>: dise\u00f1os exclusivos,\u00a0\u00fanicos\u00a0y originales de\u00a0<strong>Euskal Herria<\/strong>!<\/p>\n<p>Este incre\u00edble\u00a0<strong>colgante<\/strong> en forma de <strong>la Flor del Sol<\/strong><strong>\u00a0Urrezkoa<\/strong>\u00a0de 25mm de di\u00e1metro est\u00e1 elaborado de\u00a0<strong>acero quir\u00fargico inoxidable de la mejor calidad (acero 316 L anti- alerg\u00e9nico) Solo Acero (Altzairua Bakarrik). Dise\u00f1o Reversible y Unisex.\u00a0<\/strong>Est\u00e1 listo para regalar, viene junto con su elegante cajita Sun &amp; Flow, descripci\u00f3n y cadena de 50cm!<\/p>\n<p>Directamente del taller artesanal\u00a0<strong>Sun &amp; Flow<\/strong>: joyas de acero quir\u00fargico, todos los dise\u00f1os exclusivos, \u00fanicos y originales, preparados artesanalmente en ediciones extra limitadas!<\/p>\n<ul>\n<li><strong>Composici\u00f3n:<\/strong>\u00a0 Acero inoxidable quir\u00fargico \u00a0316 L hipoalerg\u00e9nico (no magn\u00e9tico).<\/li>\n<li><strong>Tama\u00f1o:<\/strong>\u00a0 El\u00a0<strong>colgante<\/strong>\u00a0tiene 25 mm de di\u00e1metro.<\/li>\n<li><strong>Soporte:<\/strong>\u00a0\u00a0Cadena de acero inoxidable aprox. de 45cm de largo.<\/li>\n<li><strong>Presentaci\u00f3n:<\/strong>\u00a01x Cajita de cart\u00f3n\u00a0<strong>\u201cSun &amp; Flow\u201d<\/strong>, 1x Descripci\u00f3n, 1x Bolsita de organza, 1x Colgante l<strong>a Flor del Sol<\/strong>.<\/li>\n<li><strong>Peso con embalaje:<\/strong>\u00a0aprox. 30 gramos.<\/li>\n<\/ul>\n<p>Podr\u00eda gustarte, echa un vistazo!<\/p>","protected":false},"excerpt":{"rendered":"<p>Colgante Eguzkilore 25mm Altzairuna Bakarrik Urrezkoa<\/p>","protected":false},"featured_media":369,"comment_status":"open","ping_status":"closed","template":"","meta":[],"product_brand":[],"product_cat":[23],"product_tag":[41,42,196,39,40],"class_list":{"0":"post-374","1":"product","2":"type-product","3":"status-publish","4":"has-post-thumbnail","6":"product_cat-la-flor-del-sol","7":"product_tag-acero","8":"product_tag-colgante","9":"product_tag-e25-do","10":"product_tag-flor","11":"product_tag-sol","13":"first","14":"onbackorder","15":"shipping-taxable","16":"purchasable","17":"product-type-simple"},"yoast_head":"<!-- This site is optimized with the Yoast SEO plugin v27.6 - https:\/\/yoast.com\/product\/yoast-seo-wordpress\/ -->\n<title>Colgante la Flor del Sol 25mm Altzairuna Bakarrik Urrezkoa - Sun &amp; Flow<\/title>\n<meta name=\"description\" content=\"Artesan\u00eda\u00a0Sun &amp; Flow: joyas de acero quir\u00fargico. Alta calidad! Hipoalerg\u00e9nicos! Amuletos de protecci\u00f3n contra todo el mal en forma de la Flor del Sol.\" \/>\n<meta name=\"robots\" content=\"index, follow, max-snippet:-1, max-image-preview:large, max-video-preview:-1\" \/>\n<link rel=\"canonical\" href=\"https:\/\/sunflow.es\/eu\/produktua\/colgante-laflordelsol-25mm-altzairuna-bakarrik-urrezkoa\/\" \/>\n<meta property=\"og:locale\" content=\"en_US\" \/>\n<meta property=\"og:type\" content=\"article\" \/>\n<meta property=\"og:title\" content=\"Colgante la Flor del Sol 25mm Altzairuna Bakarrik Urrezkoa - Sun &amp; Flow\" \/>\n<meta property=\"og:description\" content=\"Artesan\u00eda\u00a0Sun &amp; Flow: joyas de acero quir\u00fargico. Alta calidad! Hipoalerg\u00e9nicos! Amuletos de protecci\u00f3n contra todo el mal en forma de la Flor del Sol.\" \/>\n<meta property=\"og:url\" content=\"https:\/\/sunflow.es\/eu\/produktua\/colgante-laflordelsol-25mm-altzairuna-bakarrik-urrezkoa\/\" \/>\n<meta property=\"og:site_name\" content=\"Sun &amp; Flow\" \/>\n<meta property=\"article:modified_time\" content=\"2024-08-06T08:48:28+00:00\" \/>\n<meta property=\"og:image\" content=\"https:\/\/sunflow.es\/wp-content\/uploads\/2023\/11\/colgante-eguzkilore.jpg\" \/>\n\t<meta property=\"og:image:width\" content=\"324\" \/>\n\t<meta property=\"og:image:height\" content=\"324\" \/>\n\t<meta property=\"og:image:type\" content=\"image\/jpeg\" \/>\n<meta name=\"twitter:card\" content=\"summary_large_image\" \/>\n<meta name=\"twitter:label1\" content=\"Est. reading time\" \/>\n\t<meta name=\"twitter:data1\" content=\"2 minutua\" \/>\n<script type=\"application\/ld+json\" class=\"yoast-schema-graph\">{\"@context\":\"https:\\\/\\\/schema.org\",\"@graph\":[{\"@type\":\"WebPage\",\"@id\":\"https:\\\/\\\/sunflow.es\\\/producto\\\/colgante-laflordelsol-25mm-altzairuna-bakarrik-urrezkoa\\\/\",\"url\":\"https:\\\/\\\/sunflow.es\\\/producto\\\/colgante-laflordelsol-25mm-altzairuna-bakarrik-urrezkoa\\\/\",\"name\":\"Colgante la Flor del Sol 25mm Altzairuna Bakarrik Urrezkoa - Sun &amp; Flow\",\"isPartOf\":{\"@id\":\"https:\\\/\\\/sunflow.es\\\/#website\"},\"primaryImageOfPage\":{\"@id\":\"https:\\\/\\\/sunflow.es\\\/producto\\\/colgante-laflordelsol-25mm-altzairuna-bakarrik-urrezkoa\\\/#primaryimage\"},\"image\":{\"@id\":\"https:\\\/\\\/sunflow.es\\\/producto\\\/colgante-laflordelsol-25mm-altzairuna-bakarrik-urrezkoa\\\/#primaryimage\"},\"thumbnailUrl\":\"https:\\\/\\\/sunflow.es\\\/wp-content\\\/uploads\\\/2023\\\/11\\\/colgante-eguzkilore.jpg\",\"datePublished\":\"2023-11-13T08:32:03+00:00\",\"dateModified\":\"2024-08-06T08:48:28+00:00\",\"description\":\"Artesan\u00eda\u00a0Sun & Flow: joyas de acero quir\u00fargico. Alta calidad! Hipoalerg\u00e9nicos! Amuletos de protecci\u00f3n contra todo el mal en forma de la Flor del Sol.\",\"breadcrumb\":{\"@id\":\"https:\\\/\\\/sunflow.es\\\/producto\\\/colgante-laflordelsol-25mm-altzairuna-bakarrik-urrezkoa\\\/#breadcrumb\"},\"inLanguage\":\"eu\",\"potentialAction\":[{\"@type\":\"ReadAction\",\"target\":[\"https:\\\/\\\/sunflow.es\\\/producto\\\/colgante-laflordelsol-25mm-altzairuna-bakarrik-urrezkoa\\\/\"]}]},{\"@type\":\"ImageObject\",\"inLanguage\":\"eu\",\"@id\":\"https:\\\/\\\/sunflow.es\\\/producto\\\/colgante-laflordelsol-25mm-altzairuna-bakarrik-urrezkoa\\\/#primaryimage\",\"url\":\"https:\\\/\\\/sunflow.es\\\/wp-content\\\/uploads\\\/2023\\\/11\\\/colgante-eguzkilore.jpg\",\"contentUrl\":\"https:\\\/\\\/sunflow.es\\\/wp-content\\\/uploads\\\/2023\\\/11\\\/colgante-eguzkilore.jpg\",\"width\":324,\"height\":324,\"caption\":\"Artesan\u00eda\u00a0Sun & Flow: incre\u00edbles joyas de acero quir\u00fargico.de dise\u00f1o propio registrado. Alta calidad! Hipoalerg\u00e9nicos! Amuletos protectores, de poder, amor, equilibrio, sabidur\u00eda y de la suerte.\"},{\"@type\":\"BreadcrumbList\",\"@id\":\"https:\\\/\\\/sunflow.es\\\/producto\\\/colgante-laflordelsol-25mm-altzairuna-bakarrik-urrezkoa\\\/#breadcrumb\",\"itemListElement\":[{\"@type\":\"ListItem\",\"position\":1,\"name\":\"Portada\",\"item\":\"https:\\\/\\\/sunflow.es\\\/\"},{\"@type\":\"ListItem\",\"position\":2,\"name\":\"Tienda\",\"item\":\"https:\\\/\\\/sunflow.es\\\/tienda\\\/\"},{\"@type\":\"ListItem\",\"position\":3,\"name\":\"Colgante la Flor del Sol 25mm Altzairuna Bakarrik Urrezkoa\"}]},{\"@type\":\"WebSite\",\"@id\":\"https:\\\/\\\/sunflow.es\\\/#website\",\"url\":\"https:\\\/\\\/sunflow.es\\\/\",\"name\":\"Sun &amp; Flow\",\"description\":\"Sun &amp; Flow\",\"publisher\":{\"@id\":\"https:\\\/\\\/sunflow.es\\\/#organization\"},\"potentialAction\":[{\"@type\":\"SearchAction\",\"target\":{\"@type\":\"EntryPoint\",\"urlTemplate\":\"https:\\\/\\\/sunflow.es\\\/?s={search_term_string}\"},\"query-input\":{\"@type\":\"PropertyValueSpecification\",\"valueRequired\":true,\"valueName\":\"search_term_string\"}}],\"inLanguage\":\"eu\"},{\"@type\":\"Organization\",\"@id\":\"https:\\\/\\\/sunflow.es\\\/#organization\",\"name\":\"Sun &amp; Flow\",\"url\":\"https:\\\/\\\/sunflow.es\\\/\",\"logo\":{\"@type\":\"ImageObject\",\"inLanguage\":\"eu\",\"@id\":\"https:\\\/\\\/sunflow.es\\\/#\\\/schema\\\/logo\\\/image\\\/\",\"url\":\"https:\\\/\\\/sunflow.es\\\/wp-content\\\/uploads\\\/2023\\\/11\\\/cropped-logotransp.png\",\"contentUrl\":\"https:\\\/\\\/sunflow.es\\\/wp-content\\\/uploads\\\/2023\\\/11\\\/cropped-logotransp.png\",\"width\":451,\"height\":167,\"caption\":\"Sun &amp; Flow\"},\"image\":{\"@id\":\"https:\\\/\\\/sunflow.es\\\/#\\\/schema\\\/logo\\\/image\\\/\"}}]}<\/script>\n<!-- \/ Yoast SEO plugin. -->","yoast_head_json":{"title":"Colgante la Flor del Sol 25mm Altzairuna Bakarrik Urrezkoa - Sun &amp; Flow","description":"Artesan\u00eda\u00a0Sun & Flow: joyas de acero quir\u00fargico. Alta calidad! Hipoalerg\u00e9nicos! Amuletos de protecci\u00f3n contra todo el mal en forma de la Flor del Sol.","robots":{"index":"index","follow":"follow","max-snippet":"max-snippet:-1","max-image-preview":"max-image-preview:large","max-video-preview":"max-video-preview:-1"},"canonical":"https:\/\/sunflow.es\/eu\/produktua\/colgante-laflordelsol-25mm-altzairuna-bakarrik-urrezkoa\/","og_locale":"en_US","og_type":"article","og_title":"Colgante la Flor del Sol 25mm Altzairuna Bakarrik Urrezkoa - Sun &amp; Flow","og_description":"Artesan\u00eda\u00a0Sun & Flow: joyas de acero quir\u00fargico. Alta calidad! Hipoalerg\u00e9nicos! Amuletos de protecci\u00f3n contra todo el mal en forma de la Flor del Sol.","og_url":"https:\/\/sunflow.es\/eu\/produktua\/colgante-laflordelsol-25mm-altzairuna-bakarrik-urrezkoa\/","og_site_name":"Sun &amp; Flow","article_modified_time":"2024-08-06T08:48:28+00:00","og_image":[{"width":324,"height":324,"url":"https:\/\/sunflow.es\/wp-content\/uploads\/2023\/11\/colgante-eguzkilore.jpg","type":"image\/jpeg"}],"twitter_card":"summary_large_image","twitter_misc":{"Est. reading time":"2 minutua"},"schema":{"@context":"https:\/\/schema.org","@graph":[{"@type":"WebPage","@id":"https:\/\/sunflow.es\/producto\/colgante-laflordelsol-25mm-altzairuna-bakarrik-urrezkoa\/","url":"https:\/\/sunflow.es\/producto\/colgante-laflordelsol-25mm-altzairuna-bakarrik-urrezkoa\/","name":"Colgante la Flor del Sol 25mm Altzairuna Bakarrik Urrezkoa - Sun &amp; Flow","isPartOf":{"@id":"https:\/\/sunflow.es\/#website"},"primaryImageOfPage":{"@id":"https:\/\/sunflow.es\/producto\/colgante-laflordelsol-25mm-altzairuna-bakarrik-urrezkoa\/#primaryimage"},"image":{"@id":"https:\/\/sunflow.es\/producto\/colgante-laflordelsol-25mm-altzairuna-bakarrik-urrezkoa\/#primaryimage"},"thumbnailUrl":"https:\/\/sunflow.es\/wp-content\/uploads\/2023\/11\/colgante-eguzkilore.jpg","datePublished":"2023-11-13T08:32:03+00:00","dateModified":"2024-08-06T08:48:28+00:00","description":"Artesan\u00eda\u00a0Sun & Flow: joyas de acero quir\u00fargico. Alta calidad! Hipoalerg\u00e9nicos! Amuletos de protecci\u00f3n contra todo el mal en forma de la Flor del Sol.","breadcrumb":{"@id":"https:\/\/sunflow.es\/producto\/colgante-laflordelsol-25mm-altzairuna-bakarrik-urrezkoa\/#breadcrumb"},"inLanguage":"eu","potentialAction":[{"@type":"ReadAction","target":["https:\/\/sunflow.es\/producto\/colgante-laflordelsol-25mm-altzairuna-bakarrik-urrezkoa\/"]}]},{"@type":"ImageObject","inLanguage":"eu","@id":"https:\/\/sunflow.es\/producto\/colgante-laflordelsol-25mm-altzairuna-bakarrik-urrezkoa\/#primaryimage","url":"https:\/\/sunflow.es\/wp-content\/uploads\/2023\/11\/colgante-eguzkilore.jpg","contentUrl":"https:\/\/sunflow.es\/wp-content\/uploads\/2023\/11\/colgante-eguzkilore.jpg","width":324,"height":324,"caption":"Artesan\u00eda\u00a0Sun & Flow: incre\u00edbles joyas de acero quir\u00fargico.de dise\u00f1o propio registrado. Alta calidad! Hipoalerg\u00e9nicos! Amuletos protectores, de poder, amor, equilibrio, sabidur\u00eda y de la suerte."},{"@type":"BreadcrumbList","@id":"https:\/\/sunflow.es\/producto\/colgante-laflordelsol-25mm-altzairuna-bakarrik-urrezkoa\/#breadcrumb","itemListElement":[{"@type":"ListItem","position":1,"name":"Portada","item":"https:\/\/sunflow.es\/"},{"@type":"ListItem","position":2,"name":"Tienda","item":"https:\/\/sunflow.es\/tienda\/"},{"@type":"ListItem","position":3,"name":"Colgante la Flor del Sol 25mm Altzairuna Bakarrik Urrezkoa"}]},{"@type":"WebSite","@id":"https:\/\/sunflow.es\/#website","url":"https:\/\/sunflow.es\/","name":"Sun &amp; Flow","description":"Sun &amp; Flow","publisher":{"@id":"https:\/\/sunflow.es\/#organization"},"potentialAction":[{"@type":"SearchAction","target":{"@type":"EntryPoint","urlTemplate":"https:\/\/sunflow.es\/?s={search_term_string}"},"query-input":{"@type":"PropertyValueSpecification","valueRequired":true,"valueName":"search_term_string"}}],"inLanguage":"eu"},{"@type":"Organization","@id":"https:\/\/sunflow.es\/#organization","name":"Sun &amp; Flow","url":"https:\/\/sunflow.es\/","logo":{"@type":"ImageObject","inLanguage":"eu","@id":"https:\/\/sunflow.es\/#\/schema\/logo\/image\/","url":"https:\/\/sunflow.es\/wp-content\/uploads\/2023\/11\/cropped-logotransp.png","contentUrl":"https:\/\/sunflow.es\/wp-content\/uploads\/2023\/11\/cropped-logotransp.png","width":451,"height":167,"caption":"Sun &amp; Flow"},"image":{"@id":"https:\/\/sunflow.es\/#\/schema\/logo\/image\/"}}]}},"jetpack_sharing_enabled":true,"_links":{"self":[{"href":"https:\/\/sunflow.es\/eu\/wp-json\/wp\/v2\/product\/374","targetHints":{"allow":["GET"]}}],"collection":[{"href":"https:\/\/sunflow.es\/eu\/wp-json\/wp\/v2\/product"}],"about":[{"href":"https:\/\/sunflow.es\/eu\/wp-json\/wp\/v2\/types\/product"}],"replies":[{"embeddable":true,"href":"https:\/\/sunflow.es\/eu\/wp-json\/wp\/v2\/comments?post=374"}],"wp:featuredmedia":[{"embeddable":true,"href":"https:\/\/sunflow.es\/eu\/wp-json\/wp\/v2\/media\/369"}],"wp:attachment":[{"href":"https:\/\/sunflow.es\/eu\/wp-json\/wp\/v2\/media?parent=374"}],"wp:term":[{"taxonomy":"product_brand","embeddable":true,"href":"https:\/\/sunflow.es\/eu\/wp-json\/wp\/v2\/product_brand?post=374"},{"taxonomy":"product_cat","embeddable":true,"href":"https:\/\/sunflow.es\/eu\/wp-json\/wp\/v2\/product_cat?post=374"},{"taxonomy":"product_tag","embeddable":true,"href":"https:\/\/sunflow.es\/eu\/wp-json\/wp\/v2\/product_tag?post=374"}],"curies":[{"name":"wp","href":"https:\/\/api.w.org\/{rel}","templated":true}]}}