{"id":2912,"date":"2024-04-16T10:07:17","date_gmt":"2024-04-16T10:07:17","guid":{"rendered":"https:\/\/sunflow.es\/producto\/edicion-especial-margarita-acero-20mm-copy\/"},"modified":"2024-04-18T07:37:47","modified_gmt":"2024-04-18T07:37:47","slug":"edicion-especial-margarita-acero-20mm-copy","status":"publish","type":"product","link":"https:\/\/sunflow.es\/eu\/produktua\/edicion-especial-margarita-acero-20mm-copy\/","title":{"rendered":"Txalupa Barco de papel con Bandera Azul"},"content":{"rendered":"<p>El divertido colgante de acero inoxidable en forma de la\u00a0<strong>\u00abTxalupa\u00bb<\/strong>\u00a0(barco de papel), con una ancla y una bandera a elegir: rojiblanca o azuliblanca.<\/p>\n<p><em>Llevar consigo la representaci\u00f3n de un barco, ya sea en forma de dije o de colgante, se considera un\u00a0<b>amuleto de protecci\u00f3n, simbolizando el deseo de regresar a casa sano y salvo<\/b>.<\/em><\/p>\n<p>Directamente del taller artesanal\u00a0<strong>Basque Live<\/strong>: joyas de acero quir\u00fargico, todos los dise\u00f1os exclusivos, \u00fanicos y originales de Euskal Herria!<\/p>\n<ul>\n<li><strong>Composici\u00f3n:<\/strong>\u00a0 Acero inoxidable quir\u00fargico \u00a0316 L hipoalerg\u00e9nico (no magn\u00e9tico), grabado l\u00e1ser.<\/li>\n<li><strong>Tama\u00f1o:<\/strong>\u00a0\u00a0<strong>La Txalupa<\/strong>\u00a0tiene aprox. 22 x 20 mm.<\/li>\n<li><strong>Soporte:<\/strong>\u00a0\u00a0Cadena de acero inoxidable de aprox. 50 cm.<\/li>\n<li><strong>Presentaci\u00f3n:<\/strong>\u00a01x Descripci\u00f3n\u00a0<strong>\u201cBasque Live\u201d<\/strong>, 1x Bolsita de organza, 1x Cajita de cart\u00f3n \u00abBasque Live\u00bb, 1x Colgante\u00a0<strong>la Txalupa<\/strong>.<\/li>\n<li><strong>Peso con embalaje:<\/strong>\u00a0Aprox. 30 gramos.<\/li>\n<\/ul>","protected":false},"excerpt":{"rendered":"<p>El divertido colgante de acero inoxidable en forma de la\u00a0\u00abTxalupa\u00bb\u00a0(barco de papel), con una ancla y una bandera a elegir: rojiblanca o azuliblanca. Llevar consigo la representaci\u00f3n de un barco, ya sea en forma de dije o de colgante, se considera un\u00a0amuleto de protecci\u00f3n, simbolizando el deseo de regresar a casa sano y salvo. Directamente [&hellip;]<\/p>\n","protected":false},"featured_media":2666,"comment_status":"open","ping_status":"closed","template":"","meta":[],"product_brand":[],"product_cat":[26],"product_tag":[41,199,197,42,46,200,198],"class_list":{"0":"post-2912","1":"product","2":"type-product","3":"status-publish","4":"has-post-thumbnail","6":"product_cat-barco","7":"product_tag-acero","8":"product_tag-bandera","9":"product_tag-barco","10":"product_tag-colgante","11":"product_tag-esmalte","12":"product_tag-txa-az","13":"product_tag-txalupa","15":"first","16":"instock","17":"shipping-taxable","18":"purchasable","19":"product-type-simple"},"yoast_head":"<!-- This site is optimized with the Yoast SEO plugin v27.6 - https:\/\/yoast.com\/product\/yoast-seo-wordpress\/ -->\n<title>Txalupa Barco de papel con Bandera Azul - Sun &amp; Flow<\/title>\n<meta name=\"description\" content=\"Artesan\u00eda\u00a0Sun &amp; Flow: joyas de acero quir\u00fargico. Alta calidad! Amuleto que representa la protecci\u00f3n, el deseo de regresar a casa sano y salvo.\" \/>\n<meta name=\"robots\" content=\"index, follow, max-snippet:-1, max-image-preview:large, max-video-preview:-1\" \/>\n<link rel=\"canonical\" href=\"https:\/\/sunflow.es\/eu\/produktua\/edicion-especial-margarita-acero-20mm-copy\/\" \/>\n<meta property=\"og:locale\" content=\"en_US\" \/>\n<meta property=\"og:type\" content=\"article\" \/>\n<meta property=\"og:title\" content=\"Txalupa Barco de papel con Bandera Azul - Sun &amp; Flow\" \/>\n<meta property=\"og:description\" content=\"Artesan\u00eda\u00a0Sun &amp; Flow: joyas de acero quir\u00fargico. Alta calidad! Amuleto que representa la protecci\u00f3n, el deseo de regresar a casa sano y salvo.\" \/>\n<meta property=\"og:url\" content=\"https:\/\/sunflow.es\/eu\/produktua\/edicion-especial-margarita-acero-20mm-copy\/\" \/>\n<meta property=\"og:site_name\" content=\"Sun &amp; Flow\" \/>\n<meta property=\"article:modified_time\" content=\"2024-04-18T07:37:47+00:00\" \/>\n<meta property=\"og:image\" content=\"https:\/\/sunflow.es\/wp-content\/uploads\/2024\/03\/TXA_AZ_00.jpg\" \/>\n\t<meta property=\"og:image:width\" content=\"1250\" \/>\n\t<meta property=\"og:image:height\" content=\"1250\" \/>\n\t<meta property=\"og:image:type\" content=\"image\/jpeg\" \/>\n<meta name=\"twitter:card\" content=\"summary_large_image\" \/>\n<meta name=\"twitter:label1\" content=\"Est. reading time\" \/>\n\t<meta name=\"twitter:data1\" content=\"1 minutua\" \/>\n<script type=\"application\/ld+json\" class=\"yoast-schema-graph\">{\"@context\":\"https:\\\/\\\/schema.org\",\"@graph\":[{\"@type\":\"WebPage\",\"@id\":\"https:\\\/\\\/sunflow.es\\\/producto\\\/edicion-especial-margarita-acero-20mm-copy\\\/\",\"url\":\"https:\\\/\\\/sunflow.es\\\/producto\\\/edicion-especial-margarita-acero-20mm-copy\\\/\",\"name\":\"Txalupa Barco de papel con Bandera Azul - Sun &amp; Flow\",\"isPartOf\":{\"@id\":\"https:\\\/\\\/sunflow.es\\\/#website\"},\"primaryImageOfPage\":{\"@id\":\"https:\\\/\\\/sunflow.es\\\/producto\\\/edicion-especial-margarita-acero-20mm-copy\\\/#primaryimage\"},\"image\":{\"@id\":\"https:\\\/\\\/sunflow.es\\\/producto\\\/edicion-especial-margarita-acero-20mm-copy\\\/#primaryimage\"},\"thumbnailUrl\":\"https:\\\/\\\/sunflow.es\\\/wp-content\\\/uploads\\\/2024\\\/03\\\/TXA_AZ_00.jpg\",\"datePublished\":\"2024-04-16T10:07:17+00:00\",\"dateModified\":\"2024-04-18T07:37:47+00:00\",\"description\":\"Artesan\u00eda\u00a0Sun & Flow: joyas de acero quir\u00fargico. Alta calidad! Amuleto que representa la protecci\u00f3n, el deseo de regresar a casa sano y salvo.\",\"breadcrumb\":{\"@id\":\"https:\\\/\\\/sunflow.es\\\/producto\\\/edicion-especial-margarita-acero-20mm-copy\\\/#breadcrumb\"},\"inLanguage\":\"eu\",\"potentialAction\":[{\"@type\":\"ReadAction\",\"target\":[\"https:\\\/\\\/sunflow.es\\\/producto\\\/edicion-especial-margarita-acero-20mm-copy\\\/\"]}]},{\"@type\":\"ImageObject\",\"inLanguage\":\"eu\",\"@id\":\"https:\\\/\\\/sunflow.es\\\/producto\\\/edicion-especial-margarita-acero-20mm-copy\\\/#primaryimage\",\"url\":\"https:\\\/\\\/sunflow.es\\\/wp-content\\\/uploads\\\/2024\\\/03\\\/TXA_AZ_00.jpg\",\"contentUrl\":\"https:\\\/\\\/sunflow.es\\\/wp-content\\\/uploads\\\/2024\\\/03\\\/TXA_AZ_00.jpg\",\"width\":1250,\"height\":1250,\"caption\":\"Artesan\u00eda\u00a0Sun & Flow: incre\u00edbles joyas de acero quir\u00fargico.de dise\u00f1o propio registrado. Alta calidad! Hipoalerg\u00e9nicos! Amuletos protectores, de poder, amor, equilibrio, sabidur\u00eda y de la suerte.\"},{\"@type\":\"BreadcrumbList\",\"@id\":\"https:\\\/\\\/sunflow.es\\\/producto\\\/edicion-especial-margarita-acero-20mm-copy\\\/#breadcrumb\",\"itemListElement\":[{\"@type\":\"ListItem\",\"position\":1,\"name\":\"Portada\",\"item\":\"https:\\\/\\\/sunflow.es\\\/\"},{\"@type\":\"ListItem\",\"position\":2,\"name\":\"Tienda\",\"item\":\"https:\\\/\\\/sunflow.es\\\/tienda\\\/\"},{\"@type\":\"ListItem\",\"position\":3,\"name\":\"Txalupa Barco de papel con Bandera Azul\"}]},{\"@type\":\"WebSite\",\"@id\":\"https:\\\/\\\/sunflow.es\\\/#website\",\"url\":\"https:\\\/\\\/sunflow.es\\\/\",\"name\":\"Sun &amp; Flow\",\"description\":\"Sun &amp; Flow\",\"publisher\":{\"@id\":\"https:\\\/\\\/sunflow.es\\\/#organization\"},\"potentialAction\":[{\"@type\":\"SearchAction\",\"target\":{\"@type\":\"EntryPoint\",\"urlTemplate\":\"https:\\\/\\\/sunflow.es\\\/?s={search_term_string}\"},\"query-input\":{\"@type\":\"PropertyValueSpecification\",\"valueRequired\":true,\"valueName\":\"search_term_string\"}}],\"inLanguage\":\"eu\"},{\"@type\":\"Organization\",\"@id\":\"https:\\\/\\\/sunflow.es\\\/#organization\",\"name\":\"Sun &amp; Flow\",\"url\":\"https:\\\/\\\/sunflow.es\\\/\",\"logo\":{\"@type\":\"ImageObject\",\"inLanguage\":\"eu\",\"@id\":\"https:\\\/\\\/sunflow.es\\\/#\\\/schema\\\/logo\\\/image\\\/\",\"url\":\"https:\\\/\\\/sunflow.es\\\/wp-content\\\/uploads\\\/2023\\\/11\\\/cropped-logotransp.png\",\"contentUrl\":\"https:\\\/\\\/sunflow.es\\\/wp-content\\\/uploads\\\/2023\\\/11\\\/cropped-logotransp.png\",\"width\":451,\"height\":167,\"caption\":\"Sun &amp; Flow\"},\"image\":{\"@id\":\"https:\\\/\\\/sunflow.es\\\/#\\\/schema\\\/logo\\\/image\\\/\"}}]}<\/script>\n<!-- \/ Yoast SEO plugin. -->","yoast_head_json":{"title":"Txalupa Barco de papel con Bandera Azul - Sun &amp; Flow","description":"Artesan\u00eda\u00a0Sun & Flow: joyas de acero quir\u00fargico. Alta calidad! Amuleto que representa la protecci\u00f3n, el deseo de regresar a casa sano y salvo.","robots":{"index":"index","follow":"follow","max-snippet":"max-snippet:-1","max-image-preview":"max-image-preview:large","max-video-preview":"max-video-preview:-1"},"canonical":"https:\/\/sunflow.es\/eu\/produktua\/edicion-especial-margarita-acero-20mm-copy\/","og_locale":"en_US","og_type":"article","og_title":"Txalupa Barco de papel con Bandera Azul - Sun &amp; Flow","og_description":"Artesan\u00eda\u00a0Sun & Flow: joyas de acero quir\u00fargico. Alta calidad! Amuleto que representa la protecci\u00f3n, el deseo de regresar a casa sano y salvo.","og_url":"https:\/\/sunflow.es\/eu\/produktua\/edicion-especial-margarita-acero-20mm-copy\/","og_site_name":"Sun &amp; Flow","article_modified_time":"2024-04-18T07:37:47+00:00","og_image":[{"width":1250,"height":1250,"url":"https:\/\/sunflow.es\/wp-content\/uploads\/2024\/03\/TXA_AZ_00.jpg","type":"image\/jpeg"}],"twitter_card":"summary_large_image","twitter_misc":{"Est. reading time":"1 minutua"},"schema":{"@context":"https:\/\/schema.org","@graph":[{"@type":"WebPage","@id":"https:\/\/sunflow.es\/producto\/edicion-especial-margarita-acero-20mm-copy\/","url":"https:\/\/sunflow.es\/producto\/edicion-especial-margarita-acero-20mm-copy\/","name":"Txalupa Barco de papel con Bandera Azul - Sun &amp; Flow","isPartOf":{"@id":"https:\/\/sunflow.es\/#website"},"primaryImageOfPage":{"@id":"https:\/\/sunflow.es\/producto\/edicion-especial-margarita-acero-20mm-copy\/#primaryimage"},"image":{"@id":"https:\/\/sunflow.es\/producto\/edicion-especial-margarita-acero-20mm-copy\/#primaryimage"},"thumbnailUrl":"https:\/\/sunflow.es\/wp-content\/uploads\/2024\/03\/TXA_AZ_00.jpg","datePublished":"2024-04-16T10:07:17+00:00","dateModified":"2024-04-18T07:37:47+00:00","description":"Artesan\u00eda\u00a0Sun & Flow: joyas de acero quir\u00fargico. Alta calidad! Amuleto que representa la protecci\u00f3n, el deseo de regresar a casa sano y salvo.","breadcrumb":{"@id":"https:\/\/sunflow.es\/producto\/edicion-especial-margarita-acero-20mm-copy\/#breadcrumb"},"inLanguage":"eu","potentialAction":[{"@type":"ReadAction","target":["https:\/\/sunflow.es\/producto\/edicion-especial-margarita-acero-20mm-copy\/"]}]},{"@type":"ImageObject","inLanguage":"eu","@id":"https:\/\/sunflow.es\/producto\/edicion-especial-margarita-acero-20mm-copy\/#primaryimage","url":"https:\/\/sunflow.es\/wp-content\/uploads\/2024\/03\/TXA_AZ_00.jpg","contentUrl":"https:\/\/sunflow.es\/wp-content\/uploads\/2024\/03\/TXA_AZ_00.jpg","width":1250,"height":1250,"caption":"Artesan\u00eda\u00a0Sun & Flow: incre\u00edbles joyas de acero quir\u00fargico.de dise\u00f1o propio registrado. Alta calidad! Hipoalerg\u00e9nicos! Amuletos protectores, de poder, amor, equilibrio, sabidur\u00eda y de la suerte."},{"@type":"BreadcrumbList","@id":"https:\/\/sunflow.es\/producto\/edicion-especial-margarita-acero-20mm-copy\/#breadcrumb","itemListElement":[{"@type":"ListItem","position":1,"name":"Portada","item":"https:\/\/sunflow.es\/"},{"@type":"ListItem","position":2,"name":"Tienda","item":"https:\/\/sunflow.es\/tienda\/"},{"@type":"ListItem","position":3,"name":"Txalupa Barco de papel con Bandera Azul"}]},{"@type":"WebSite","@id":"https:\/\/sunflow.es\/#website","url":"https:\/\/sunflow.es\/","name":"Sun &amp; Flow","description":"Sun &amp; Flow","publisher":{"@id":"https:\/\/sunflow.es\/#organization"},"potentialAction":[{"@type":"SearchAction","target":{"@type":"EntryPoint","urlTemplate":"https:\/\/sunflow.es\/?s={search_term_string}"},"query-input":{"@type":"PropertyValueSpecification","valueRequired":true,"valueName":"search_term_string"}}],"inLanguage":"eu"},{"@type":"Organization","@id":"https:\/\/sunflow.es\/#organization","name":"Sun &amp; Flow","url":"https:\/\/sunflow.es\/","logo":{"@type":"ImageObject","inLanguage":"eu","@id":"https:\/\/sunflow.es\/#\/schema\/logo\/image\/","url":"https:\/\/sunflow.es\/wp-content\/uploads\/2023\/11\/cropped-logotransp.png","contentUrl":"https:\/\/sunflow.es\/wp-content\/uploads\/2023\/11\/cropped-logotransp.png","width":451,"height":167,"caption":"Sun &amp; Flow"},"image":{"@id":"https:\/\/sunflow.es\/#\/schema\/logo\/image\/"}}]}},"jetpack_sharing_enabled":true,"_links":{"self":[{"href":"https:\/\/sunflow.es\/eu\/wp-json\/wp\/v2\/product\/2912","targetHints":{"allow":["GET"]}}],"collection":[{"href":"https:\/\/sunflow.es\/eu\/wp-json\/wp\/v2\/product"}],"about":[{"href":"https:\/\/sunflow.es\/eu\/wp-json\/wp\/v2\/types\/product"}],"replies":[{"embeddable":true,"href":"https:\/\/sunflow.es\/eu\/wp-json\/wp\/v2\/comments?post=2912"}],"wp:featuredmedia":[{"embeddable":true,"href":"https:\/\/sunflow.es\/eu\/wp-json\/wp\/v2\/media\/2666"}],"wp:attachment":[{"href":"https:\/\/sunflow.es\/eu\/wp-json\/wp\/v2\/media?parent=2912"}],"wp:term":[{"taxonomy":"product_brand","embeddable":true,"href":"https:\/\/sunflow.es\/eu\/wp-json\/wp\/v2\/product_brand?post=2912"},{"taxonomy":"product_cat","embeddable":true,"href":"https:\/\/sunflow.es\/eu\/wp-json\/wp\/v2\/product_cat?post=2912"},{"taxonomy":"product_tag","embeddable":true,"href":"https:\/\/sunflow.es\/eu\/wp-json\/wp\/v2\/product_tag?post=2912"}],"curies":[{"name":"wp","href":"https:\/\/api.w.org\/{rel}","templated":true}]}}