{"id":2246,"date":"2023-12-01T11:45:10","date_gmt":"2023-12-01T11:45:10","guid":{"rendered":"https:\/\/sunflow.es\/?post_type=product&#038;p=2246"},"modified":"2024-08-06T08:45:46","modified_gmt":"2024-08-06T08:45:46","slug":"colgante-laflordelsol-25mm-dispensador-de-aromas","status":"publish","type":"product","link":"https:\/\/sunflow.es\/eu\/produktua\/colgante-laflordelsol-25mm-dispensador-de-aromas\/","title":{"rendered":"Colgante la Flor del Sol 25mm Dispensador de Aromas"},"content":{"rendered":"<p>Este incre\u00edble i original\u00a0<strong>colgante<\/strong>\u00a0dispensador de fragancias de 25mm de di\u00e1metro est\u00e1 elaborado de\u00a0<strong>acero quir\u00fargico inoxidable de la mejor calidad (acero 316 L anti- alerg\u00e9nico)<\/strong>\u00a0y en su n\u00facleo se encuentra una maravillosa\u00a0<strong>circonita de color blanco<\/strong>.\u00a0<em>Personal\u00edzalo con tus 7 aromas favoritos gracias a 7 esponjitas de colores que puedes cerrar en su interior!<\/em><\/p>\n<p>Directamente del taller artesanal\u00a0<strong>Sun &amp; Flow<\/strong>: joyas de acero quir\u00fargico, todos los dise\u00f1os exclusivos, \u00fanicos y originales, preparados artesanalmente en ediciones extra limitadas!<\/p>\n<p>Precioso colgante en forma de <strong>la Flor del Sol <\/strong><strong>dispensador de Aromas<\/strong>.<\/p>\n<ul>\n<li><strong>Composici\u00f3n:<\/strong>\u00a0Acero inoxidable quir\u00fargico \u00a0316 L hipoalerg\u00e9nico (no magn\u00e9tico), Laser en los nervios de la flor. Aureola del Eguzkilore de elaborada de mini circonitas. Circ\u00f3n blanco en el medio. 7\u00a0<strong>esponjitas<\/strong>\u00a0redondas de colores para el uso de tus\u00a0<strong>fragancias<\/strong>\u00a0favoritas!<\/li>\n<li><strong>Tama\u00f1o:<\/strong>\u00a0 El\u00a0<strong>colgante<\/strong> tiene 25mm de di\u00e1metro. <strong>La Flor del Sol <\/strong>del colgante tiene 20mm.<\/li>\n<li><strong>Soporte:<\/strong>\u00a0\u00a0Cadena de acero inoxidable aprox. de 60 + 5 cm de largo.<\/li>\n<li><strong>Presentaci\u00f3n:<\/strong>\u00a01x Cajita de cart\u00f3n\u00a0<strong>\u201cSun &amp; Flow\u201d<\/strong>, 1x Descripci\u00f3n, 1x Bolsita de organza, 1x Colgante <strong>la Flor del Sol <\/strong><strong>dispensador de Aromas<\/strong>.<\/li>\n<li><strong>Peso con embalaje:<\/strong>\u00a0aprox. 30 gramos.<\/li>\n<\/ul>","protected":false},"excerpt":{"rendered":"<p>Este incre\u00edble i original\u00a0colgante\u00a0dispensador de fragancias de 25mm de di\u00e1metro est\u00e1 elaborado de\u00a0acero quir\u00fargico inoxidable de la mejor calidad (acero 316 L anti- alerg\u00e9nico)\u00a0y en su n\u00facleo se encuentra una maravillosa\u00a0circonita de color blanco.\u00a0Personal\u00edzalo con tus 7 aromas favoritos gracias a 7 esponjitas de colores que puedes cerrar en su interior! Directamente del taller artesanal\u00a0Sun [&hellip;]<\/p>\n","protected":false},"featured_media":2250,"comment_status":"open","ping_status":"closed","template":"","meta":[],"product_brand":[],"product_cat":[23],"product_tag":[41,50,42,161,39,40],"class_list":{"0":"post-2246","1":"product","2":"type-product","3":"status-publish","4":"has-post-thumbnail","6":"product_cat-la-flor-del-sol","7":"product_tag-acero","8":"product_tag-circon","9":"product_tag-colgante","10":"product_tag-e15a-pl-classic","11":"product_tag-flor","12":"product_tag-sol","14":"first","15":"instock","16":"shipping-taxable","17":"purchasable","18":"product-type-simple"},"yoast_head":"<!-- This site is optimized with the Yoast SEO plugin v27.6 - https:\/\/yoast.com\/product\/yoast-seo-wordpress\/ -->\n<title>Colgante la Flor del Sol 25mm Dispensador de Aromas - Sun &amp; Flow<\/title>\n<meta name=\"description\" content=\"Artesan\u00eda\u00a0Sun &amp; Flow: joyas de acero quir\u00fargico. Alta calidad! Hipoalerg\u00e9nicos! Amuletos de protecci\u00f3n contra todo el mal en forma de la Flor del Sol.\" \/>\n<meta name=\"robots\" content=\"index, follow, max-snippet:-1, max-image-preview:large, max-video-preview:-1\" \/>\n<link rel=\"canonical\" href=\"https:\/\/sunflow.es\/eu\/produktua\/colgante-laflordelsol-25mm-dispensador-de-aromas\/\" \/>\n<meta property=\"og:locale\" content=\"en_US\" \/>\n<meta property=\"og:type\" content=\"article\" \/>\n<meta property=\"og:title\" content=\"Colgante la Flor del Sol 25mm Dispensador de Aromas - Sun &amp; Flow\" \/>\n<meta property=\"og:description\" content=\"Artesan\u00eda\u00a0Sun &amp; Flow: joyas de acero quir\u00fargico. Alta calidad! Hipoalerg\u00e9nicos! Amuletos de protecci\u00f3n contra todo el mal en forma de la Flor del Sol.\" \/>\n<meta property=\"og:url\" content=\"https:\/\/sunflow.es\/eu\/produktua\/colgante-laflordelsol-25mm-dispensador-de-aromas\/\" \/>\n<meta property=\"og:site_name\" content=\"Sun &amp; Flow\" \/>\n<meta property=\"article:modified_time\" content=\"2024-08-06T08:45:46+00:00\" \/>\n<meta property=\"og:image\" content=\"https:\/\/sunflow.es\/wp-content\/uploads\/2023\/12\/colgante_eguzkilore_25mm_dispensador_aromas.jpg\" \/>\n\t<meta property=\"og:image:width\" content=\"1000\" \/>\n\t<meta property=\"og:image:height\" content=\"1000\" \/>\n\t<meta property=\"og:image:type\" content=\"image\/jpeg\" \/>\n<meta name=\"twitter:card\" content=\"summary_large_image\" \/>\n<meta name=\"twitter:label1\" content=\"Est. reading time\" \/>\n\t<meta name=\"twitter:data1\" content=\"2 minutua\" \/>\n<script type=\"application\/ld+json\" class=\"yoast-schema-graph\">{\"@context\":\"https:\\\/\\\/schema.org\",\"@graph\":[{\"@type\":\"WebPage\",\"@id\":\"https:\\\/\\\/sunflow.es\\\/producto\\\/colgante-laflordelsol-25mm-dispensador-de-aromas\\\/\",\"url\":\"https:\\\/\\\/sunflow.es\\\/producto\\\/colgante-laflordelsol-25mm-dispensador-de-aromas\\\/\",\"name\":\"Colgante la Flor del Sol 25mm Dispensador de Aromas - Sun &amp; Flow\",\"isPartOf\":{\"@id\":\"https:\\\/\\\/sunflow.es\\\/#website\"},\"primaryImageOfPage\":{\"@id\":\"https:\\\/\\\/sunflow.es\\\/producto\\\/colgante-laflordelsol-25mm-dispensador-de-aromas\\\/#primaryimage\"},\"image\":{\"@id\":\"https:\\\/\\\/sunflow.es\\\/producto\\\/colgante-laflordelsol-25mm-dispensador-de-aromas\\\/#primaryimage\"},\"thumbnailUrl\":\"https:\\\/\\\/sunflow.es\\\/wp-content\\\/uploads\\\/2023\\\/12\\\/colgante_eguzkilore_25mm_dispensador_aromas.jpg\",\"datePublished\":\"2023-12-01T11:45:10+00:00\",\"dateModified\":\"2024-08-06T08:45:46+00:00\",\"description\":\"Artesan\u00eda\u00a0Sun & Flow: joyas de acero quir\u00fargico. Alta calidad! Hipoalerg\u00e9nicos! Amuletos de protecci\u00f3n contra todo el mal en forma de la Flor del Sol.\",\"breadcrumb\":{\"@id\":\"https:\\\/\\\/sunflow.es\\\/producto\\\/colgante-laflordelsol-25mm-dispensador-de-aromas\\\/#breadcrumb\"},\"inLanguage\":\"eu\",\"potentialAction\":[{\"@type\":\"ReadAction\",\"target\":[\"https:\\\/\\\/sunflow.es\\\/producto\\\/colgante-laflordelsol-25mm-dispensador-de-aromas\\\/\"]}]},{\"@type\":\"ImageObject\",\"inLanguage\":\"eu\",\"@id\":\"https:\\\/\\\/sunflow.es\\\/producto\\\/colgante-laflordelsol-25mm-dispensador-de-aromas\\\/#primaryimage\",\"url\":\"https:\\\/\\\/sunflow.es\\\/wp-content\\\/uploads\\\/2023\\\/12\\\/colgante_eguzkilore_25mm_dispensador_aromas.jpg\",\"contentUrl\":\"https:\\\/\\\/sunflow.es\\\/wp-content\\\/uploads\\\/2023\\\/12\\\/colgante_eguzkilore_25mm_dispensador_aromas.jpg\",\"width\":1000,\"height\":1000,\"caption\":\"Artesan\u00eda\u00a0Sun & Flow: incre\u00edbles joyas de acero quir\u00fargico.de dise\u00f1o propio registrado. Alta calidad! Hipoalerg\u00e9nicos! Amuletos protectores, de poder, amor, equilibrio, sabidur\u00eda y de la suerte.\"},{\"@type\":\"BreadcrumbList\",\"@id\":\"https:\\\/\\\/sunflow.es\\\/producto\\\/colgante-laflordelsol-25mm-dispensador-de-aromas\\\/#breadcrumb\",\"itemListElement\":[{\"@type\":\"ListItem\",\"position\":1,\"name\":\"Portada\",\"item\":\"https:\\\/\\\/sunflow.es\\\/\"},{\"@type\":\"ListItem\",\"position\":2,\"name\":\"Tienda\",\"item\":\"https:\\\/\\\/sunflow.es\\\/tienda\\\/\"},{\"@type\":\"ListItem\",\"position\":3,\"name\":\"Colgante la Flor del Sol 25mm Dispensador de Aromas\"}]},{\"@type\":\"WebSite\",\"@id\":\"https:\\\/\\\/sunflow.es\\\/#website\",\"url\":\"https:\\\/\\\/sunflow.es\\\/\",\"name\":\"Sun &amp; Flow\",\"description\":\"Sun &amp; Flow\",\"publisher\":{\"@id\":\"https:\\\/\\\/sunflow.es\\\/#organization\"},\"potentialAction\":[{\"@type\":\"SearchAction\",\"target\":{\"@type\":\"EntryPoint\",\"urlTemplate\":\"https:\\\/\\\/sunflow.es\\\/?s={search_term_string}\"},\"query-input\":{\"@type\":\"PropertyValueSpecification\",\"valueRequired\":true,\"valueName\":\"search_term_string\"}}],\"inLanguage\":\"eu\"},{\"@type\":\"Organization\",\"@id\":\"https:\\\/\\\/sunflow.es\\\/#organization\",\"name\":\"Sun &amp; Flow\",\"url\":\"https:\\\/\\\/sunflow.es\\\/\",\"logo\":{\"@type\":\"ImageObject\",\"inLanguage\":\"eu\",\"@id\":\"https:\\\/\\\/sunflow.es\\\/#\\\/schema\\\/logo\\\/image\\\/\",\"url\":\"https:\\\/\\\/sunflow.es\\\/wp-content\\\/uploads\\\/2023\\\/11\\\/cropped-logotransp.png\",\"contentUrl\":\"https:\\\/\\\/sunflow.es\\\/wp-content\\\/uploads\\\/2023\\\/11\\\/cropped-logotransp.png\",\"width\":451,\"height\":167,\"caption\":\"Sun &amp; Flow\"},\"image\":{\"@id\":\"https:\\\/\\\/sunflow.es\\\/#\\\/schema\\\/logo\\\/image\\\/\"}}]}<\/script>\n<!-- \/ Yoast SEO plugin. -->","yoast_head_json":{"title":"Colgante la Flor del Sol 25mm Dispensador de Aromas - Sun &amp; Flow","description":"Artesan\u00eda\u00a0Sun & Flow: joyas de acero quir\u00fargico. Alta calidad! Hipoalerg\u00e9nicos! Amuletos de protecci\u00f3n contra todo el mal en forma de la Flor del Sol.","robots":{"index":"index","follow":"follow","max-snippet":"max-snippet:-1","max-image-preview":"max-image-preview:large","max-video-preview":"max-video-preview:-1"},"canonical":"https:\/\/sunflow.es\/eu\/produktua\/colgante-laflordelsol-25mm-dispensador-de-aromas\/","og_locale":"en_US","og_type":"article","og_title":"Colgante la Flor del Sol 25mm Dispensador de Aromas - Sun &amp; Flow","og_description":"Artesan\u00eda\u00a0Sun & Flow: joyas de acero quir\u00fargico. Alta calidad! Hipoalerg\u00e9nicos! Amuletos de protecci\u00f3n contra todo el mal en forma de la Flor del Sol.","og_url":"https:\/\/sunflow.es\/eu\/produktua\/colgante-laflordelsol-25mm-dispensador-de-aromas\/","og_site_name":"Sun &amp; Flow","article_modified_time":"2024-08-06T08:45:46+00:00","og_image":[{"width":1000,"height":1000,"url":"https:\/\/sunflow.es\/wp-content\/uploads\/2023\/12\/colgante_eguzkilore_25mm_dispensador_aromas.jpg","type":"image\/jpeg"}],"twitter_card":"summary_large_image","twitter_misc":{"Est. reading time":"2 minutua"},"schema":{"@context":"https:\/\/schema.org","@graph":[{"@type":"WebPage","@id":"https:\/\/sunflow.es\/producto\/colgante-laflordelsol-25mm-dispensador-de-aromas\/","url":"https:\/\/sunflow.es\/producto\/colgante-laflordelsol-25mm-dispensador-de-aromas\/","name":"Colgante la Flor del Sol 25mm Dispensador de Aromas - Sun &amp; Flow","isPartOf":{"@id":"https:\/\/sunflow.es\/#website"},"primaryImageOfPage":{"@id":"https:\/\/sunflow.es\/producto\/colgante-laflordelsol-25mm-dispensador-de-aromas\/#primaryimage"},"image":{"@id":"https:\/\/sunflow.es\/producto\/colgante-laflordelsol-25mm-dispensador-de-aromas\/#primaryimage"},"thumbnailUrl":"https:\/\/sunflow.es\/wp-content\/uploads\/2023\/12\/colgante_eguzkilore_25mm_dispensador_aromas.jpg","datePublished":"2023-12-01T11:45:10+00:00","dateModified":"2024-08-06T08:45:46+00:00","description":"Artesan\u00eda\u00a0Sun & Flow: joyas de acero quir\u00fargico. Alta calidad! Hipoalerg\u00e9nicos! Amuletos de protecci\u00f3n contra todo el mal en forma de la Flor del Sol.","breadcrumb":{"@id":"https:\/\/sunflow.es\/producto\/colgante-laflordelsol-25mm-dispensador-de-aromas\/#breadcrumb"},"inLanguage":"eu","potentialAction":[{"@type":"ReadAction","target":["https:\/\/sunflow.es\/producto\/colgante-laflordelsol-25mm-dispensador-de-aromas\/"]}]},{"@type":"ImageObject","inLanguage":"eu","@id":"https:\/\/sunflow.es\/producto\/colgante-laflordelsol-25mm-dispensador-de-aromas\/#primaryimage","url":"https:\/\/sunflow.es\/wp-content\/uploads\/2023\/12\/colgante_eguzkilore_25mm_dispensador_aromas.jpg","contentUrl":"https:\/\/sunflow.es\/wp-content\/uploads\/2023\/12\/colgante_eguzkilore_25mm_dispensador_aromas.jpg","width":1000,"height":1000,"caption":"Artesan\u00eda\u00a0Sun & Flow: incre\u00edbles joyas de acero quir\u00fargico.de dise\u00f1o propio registrado. Alta calidad! Hipoalerg\u00e9nicos! Amuletos protectores, de poder, amor, equilibrio, sabidur\u00eda y de la suerte."},{"@type":"BreadcrumbList","@id":"https:\/\/sunflow.es\/producto\/colgante-laflordelsol-25mm-dispensador-de-aromas\/#breadcrumb","itemListElement":[{"@type":"ListItem","position":1,"name":"Portada","item":"https:\/\/sunflow.es\/"},{"@type":"ListItem","position":2,"name":"Tienda","item":"https:\/\/sunflow.es\/tienda\/"},{"@type":"ListItem","position":3,"name":"Colgante la Flor del Sol 25mm Dispensador de Aromas"}]},{"@type":"WebSite","@id":"https:\/\/sunflow.es\/#website","url":"https:\/\/sunflow.es\/","name":"Sun &amp; Flow","description":"Sun &amp; Flow","publisher":{"@id":"https:\/\/sunflow.es\/#organization"},"potentialAction":[{"@type":"SearchAction","target":{"@type":"EntryPoint","urlTemplate":"https:\/\/sunflow.es\/?s={search_term_string}"},"query-input":{"@type":"PropertyValueSpecification","valueRequired":true,"valueName":"search_term_string"}}],"inLanguage":"eu"},{"@type":"Organization","@id":"https:\/\/sunflow.es\/#organization","name":"Sun &amp; Flow","url":"https:\/\/sunflow.es\/","logo":{"@type":"ImageObject","inLanguage":"eu","@id":"https:\/\/sunflow.es\/#\/schema\/logo\/image\/","url":"https:\/\/sunflow.es\/wp-content\/uploads\/2023\/11\/cropped-logotransp.png","contentUrl":"https:\/\/sunflow.es\/wp-content\/uploads\/2023\/11\/cropped-logotransp.png","width":451,"height":167,"caption":"Sun &amp; Flow"},"image":{"@id":"https:\/\/sunflow.es\/#\/schema\/logo\/image\/"}}]}},"jetpack_sharing_enabled":true,"_links":{"self":[{"href":"https:\/\/sunflow.es\/eu\/wp-json\/wp\/v2\/product\/2246","targetHints":{"allow":["GET"]}}],"collection":[{"href":"https:\/\/sunflow.es\/eu\/wp-json\/wp\/v2\/product"}],"about":[{"href":"https:\/\/sunflow.es\/eu\/wp-json\/wp\/v2\/types\/product"}],"replies":[{"embeddable":true,"href":"https:\/\/sunflow.es\/eu\/wp-json\/wp\/v2\/comments?post=2246"}],"wp:featuredmedia":[{"embeddable":true,"href":"https:\/\/sunflow.es\/eu\/wp-json\/wp\/v2\/media\/2250"}],"wp:attachment":[{"href":"https:\/\/sunflow.es\/eu\/wp-json\/wp\/v2\/media?parent=2246"}],"wp:term":[{"taxonomy":"product_brand","embeddable":true,"href":"https:\/\/sunflow.es\/eu\/wp-json\/wp\/v2\/product_brand?post=2246"},{"taxonomy":"product_cat","embeddable":true,"href":"https:\/\/sunflow.es\/eu\/wp-json\/wp\/v2\/product_cat?post=2246"},{"taxonomy":"product_tag","embeddable":true,"href":"https:\/\/sunflow.es\/eu\/wp-json\/wp\/v2\/product_tag?post=2246"}],"curies":[{"name":"wp","href":"https:\/\/api.w.org\/{rel}","templated":true}]}}