{"id":2164,"date":"2023-12-01T09:59:48","date_gmt":"2023-12-01T09:59:48","guid":{"rendered":"https:\/\/sunflow.es\/?post_type=product&#038;p=2164"},"modified":"2025-09-23T09:07:19","modified_gmt":"2025-09-23T09:07:19","slug":"set-laflordelsol-acero-negro-esmalte","status":"publish","type":"product","link":"https:\/\/sunflow.es\/eu\/produktua\/set-laflordelsol-acero-negro-esmalte\/","title":{"rendered":"Set la Flor del Sol Acero Negro Esmalte"},"content":{"rendered":"<p>Precioso\u00a0<strong>Conjunto<\/strong> compuesto por colgante y pendientes en forma de <strong>la Flor del Sol<\/strong>. El\u00a0<strong>colgante<\/strong>\u00a0de 30 mm est\u00e1 elaborado de\u00a0<strong>acero quir\u00fargico inoxidable de la mejor calidad<\/strong>\u00a0y piedra esmalte. Los\u00a0<strong>pendientes<\/strong>\u00a0del mismo dise\u00f1o y tienen 15 mm.<\/p>\n<p>Directamente del taller artesanal\u00a0<strong>Sun &amp; Flow<\/strong>: joyas de acero quir\u00fargico, todos los dise\u00f1os exclusivos, \u00fanicos y originales, preparados artesanalmente en ediciones extra limitadas!<\/p>\n<ul>\n<li><strong>Composici\u00f3n:<\/strong>\u00a0 Acero inoxidable quir\u00fargico negro 316 L hipoalerg\u00e9nico (no magn\u00e9tico), Esmalte multicolor.<\/li>\n<li><strong>Tama\u00f1o:<\/strong>\u00a0 El\u00a0<strong>colgante<\/strong>\u00a0tiene 30 mm, los\u00a0<strong>pendientes<\/strong>\u00a015 mm.<\/li>\n<li><strong>Soporte:<\/strong>\u00a0\u00a0Cadena negra de min. 45cm de largo de acero inoxidable.<\/li>\n<li><strong>Presentaci\u00f3n:<\/strong>\u00a01x Cajita de cart\u00f3n\u00a0<strong>\u201cSun &amp; Flow\u201d<\/strong>, 1x Descripci\u00f3n, 1x Bolsita de organza, 1x Colgante <strong>la Flor del Sol<\/strong><strong>,\u00a0<\/strong>1x Pendientes<strong> la Flor del Sol<\/strong>.<\/li>\n<li><strong>Peso con embalaje:<\/strong>\u00a0Aprox. 30 gramos.<\/li>\n<\/ul>","protected":false},"excerpt":{"rendered":"<p>Precioso\u00a0Conjunto compuesto por colgante y pendientes en forma de la Flor del Sol. El\u00a0colgante\u00a0de 30 mm est\u00e1 elaborado de\u00a0acero quir\u00fargico inoxidable de la mejor calidad\u00a0y piedra esmalte. Los\u00a0pendientes\u00a0del mismo dise\u00f1o y tienen 15 mm. Directamente del taller artesanal\u00a0Sun &amp; Flow: joyas de acero quir\u00fargico, todos los dise\u00f1os exclusivos, \u00fanicos y originales, preparados artesanalmente en ediciones [&hellip;]<\/p>\n","protected":false},"featured_media":2165,"comment_status":"open","ping_status":"closed","template":"","meta":[],"product_brand":[],"product_cat":[23],"product_tag":[41,50,42,44,46,39,45,43,169,40],"class_list":{"0":"post-2164","1":"product","2":"type-product","3":"status-publish","4":"has-post-thumbnail","6":"product_cat-la-flor-del-sol","7":"product_tag-acero","8":"product_tag-circon","9":"product_tag-colgante","10":"product_tag-conjunto","11":"product_tag-esmalte","12":"product_tag-flor","13":"product_tag-negro","14":"product_tag-pendientes","15":"product_tag-se01n-es-12mm","16":"product_tag-sol","18":"first","19":"onbackorder","20":"shipping-taxable","21":"purchasable","22":"product-type-simple"},"yoast_head":"<!-- This site is optimized with the Yoast SEO plugin v27.6 - https:\/\/yoast.com\/product\/yoast-seo-wordpress\/ -->\n<title>Set la Flor del Sol Acero Negro Esmalte - Sun &amp; Flow<\/title>\n<meta name=\"description\" content=\"Artesan\u00eda\u00a0Sun &amp; Flow: joyas de acero quir\u00fargico. Alta calidad! Hipoalerg\u00e9nicos! Amuletos de protecci\u00f3n contra todo el mal en forma de la Flor del Sol.\" \/>\n<meta name=\"robots\" content=\"index, follow, max-snippet:-1, max-image-preview:large, max-video-preview:-1\" \/>\n<link rel=\"canonical\" href=\"https:\/\/sunflow.es\/eu\/produktua\/set-laflordelsol-acero-negro-esmalte\/\" \/>\n<meta property=\"og:locale\" content=\"en_US\" \/>\n<meta property=\"og:type\" content=\"article\" \/>\n<meta property=\"og:title\" content=\"Set la Flor del Sol Acero Negro Esmalte - Sun &amp; Flow\" \/>\n<meta property=\"og:description\" content=\"Artesan\u00eda\u00a0Sun &amp; Flow: joyas de acero quir\u00fargico. Alta calidad! Hipoalerg\u00e9nicos! Amuletos de protecci\u00f3n contra todo el mal en forma de la Flor del Sol.\" \/>\n<meta property=\"og:url\" content=\"https:\/\/sunflow.es\/eu\/produktua\/set-laflordelsol-acero-negro-esmalte\/\" \/>\n<meta property=\"og:site_name\" content=\"Sun &amp; Flow\" \/>\n<meta property=\"article:modified_time\" content=\"2025-09-23T09:07:19+00:00\" \/>\n<meta property=\"og:image\" content=\"https:\/\/sunflow.es\/wp-content\/uploads\/2023\/12\/set_eguzkilore_acero_negro_esmalte.jpg\" \/>\n\t<meta property=\"og:image:width\" content=\"870\" \/>\n\t<meta property=\"og:image:height\" content=\"870\" \/>\n\t<meta property=\"og:image:type\" content=\"image\/jpeg\" \/>\n<meta name=\"twitter:card\" content=\"summary_large_image\" \/>\n<meta name=\"twitter:label1\" content=\"Est. reading time\" \/>\n\t<meta name=\"twitter:data1\" content=\"1 minutua\" \/>\n<script type=\"application\/ld+json\" class=\"yoast-schema-graph\">{\"@context\":\"https:\\\/\\\/schema.org\",\"@graph\":[{\"@type\":\"WebPage\",\"@id\":\"https:\\\/\\\/sunflow.es\\\/producto\\\/set-laflordelsol-acero-negro-esmalte\\\/\",\"url\":\"https:\\\/\\\/sunflow.es\\\/producto\\\/set-laflordelsol-acero-negro-esmalte\\\/\",\"name\":\"Set la Flor del Sol Acero Negro Esmalte - Sun &amp; Flow\",\"isPartOf\":{\"@id\":\"https:\\\/\\\/sunflow.es\\\/#website\"},\"primaryImageOfPage\":{\"@id\":\"https:\\\/\\\/sunflow.es\\\/producto\\\/set-laflordelsol-acero-negro-esmalte\\\/#primaryimage\"},\"image\":{\"@id\":\"https:\\\/\\\/sunflow.es\\\/producto\\\/set-laflordelsol-acero-negro-esmalte\\\/#primaryimage\"},\"thumbnailUrl\":\"https:\\\/\\\/sunflow.es\\\/wp-content\\\/uploads\\\/2023\\\/12\\\/set_eguzkilore_acero_negro_esmalte.jpg\",\"datePublished\":\"2023-12-01T09:59:48+00:00\",\"dateModified\":\"2025-09-23T09:07:19+00:00\",\"description\":\"Artesan\u00eda\u00a0Sun & Flow: joyas de acero quir\u00fargico. Alta calidad! Hipoalerg\u00e9nicos! Amuletos de protecci\u00f3n contra todo el mal en forma de la Flor del Sol.\",\"breadcrumb\":{\"@id\":\"https:\\\/\\\/sunflow.es\\\/producto\\\/set-laflordelsol-acero-negro-esmalte\\\/#breadcrumb\"},\"inLanguage\":\"eu\",\"potentialAction\":[{\"@type\":\"ReadAction\",\"target\":[\"https:\\\/\\\/sunflow.es\\\/producto\\\/set-laflordelsol-acero-negro-esmalte\\\/\"]}]},{\"@type\":\"ImageObject\",\"inLanguage\":\"eu\",\"@id\":\"https:\\\/\\\/sunflow.es\\\/producto\\\/set-laflordelsol-acero-negro-esmalte\\\/#primaryimage\",\"url\":\"https:\\\/\\\/sunflow.es\\\/wp-content\\\/uploads\\\/2023\\\/12\\\/set_eguzkilore_acero_negro_esmalte.jpg\",\"contentUrl\":\"https:\\\/\\\/sunflow.es\\\/wp-content\\\/uploads\\\/2023\\\/12\\\/set_eguzkilore_acero_negro_esmalte.jpg\",\"width\":870,\"height\":870,\"caption\":\"Artesan\u00eda\u00a0Sun & Flow: incre\u00edbles joyas de acero quir\u00fargico.de dise\u00f1o propio registrado. Alta calidad! Hipoalerg\u00e9nicos! Amuletos protectores, de poder, amor, equilibrio, sabidur\u00eda y de la suerte.\"},{\"@type\":\"BreadcrumbList\",\"@id\":\"https:\\\/\\\/sunflow.es\\\/producto\\\/set-laflordelsol-acero-negro-esmalte\\\/#breadcrumb\",\"itemListElement\":[{\"@type\":\"ListItem\",\"position\":1,\"name\":\"Portada\",\"item\":\"https:\\\/\\\/sunflow.es\\\/\"},{\"@type\":\"ListItem\",\"position\":2,\"name\":\"Tienda\",\"item\":\"https:\\\/\\\/sunflow.es\\\/tienda\\\/\"},{\"@type\":\"ListItem\",\"position\":3,\"name\":\"Set la Flor del Sol Acero Negro Esmalte\"}]},{\"@type\":\"WebSite\",\"@id\":\"https:\\\/\\\/sunflow.es\\\/#website\",\"url\":\"https:\\\/\\\/sunflow.es\\\/\",\"name\":\"Sun &amp; Flow\",\"description\":\"Sun &amp; Flow\",\"publisher\":{\"@id\":\"https:\\\/\\\/sunflow.es\\\/#organization\"},\"potentialAction\":[{\"@type\":\"SearchAction\",\"target\":{\"@type\":\"EntryPoint\",\"urlTemplate\":\"https:\\\/\\\/sunflow.es\\\/?s={search_term_string}\"},\"query-input\":{\"@type\":\"PropertyValueSpecification\",\"valueRequired\":true,\"valueName\":\"search_term_string\"}}],\"inLanguage\":\"eu\"},{\"@type\":\"Organization\",\"@id\":\"https:\\\/\\\/sunflow.es\\\/#organization\",\"name\":\"Sun &amp; Flow\",\"url\":\"https:\\\/\\\/sunflow.es\\\/\",\"logo\":{\"@type\":\"ImageObject\",\"inLanguage\":\"eu\",\"@id\":\"https:\\\/\\\/sunflow.es\\\/#\\\/schema\\\/logo\\\/image\\\/\",\"url\":\"https:\\\/\\\/sunflow.es\\\/wp-content\\\/uploads\\\/2023\\\/11\\\/cropped-logotransp.png\",\"contentUrl\":\"https:\\\/\\\/sunflow.es\\\/wp-content\\\/uploads\\\/2023\\\/11\\\/cropped-logotransp.png\",\"width\":451,\"height\":167,\"caption\":\"Sun &amp; Flow\"},\"image\":{\"@id\":\"https:\\\/\\\/sunflow.es\\\/#\\\/schema\\\/logo\\\/image\\\/\"}}]}<\/script>\n<!-- \/ Yoast SEO plugin. -->","yoast_head_json":{"title":"Set la Flor del Sol Acero Negro Esmalte - Sun &amp; Flow","description":"Artesan\u00eda\u00a0Sun & Flow: joyas de acero quir\u00fargico. Alta calidad! Hipoalerg\u00e9nicos! Amuletos de protecci\u00f3n contra todo el mal en forma de la Flor del Sol.","robots":{"index":"index","follow":"follow","max-snippet":"max-snippet:-1","max-image-preview":"max-image-preview:large","max-video-preview":"max-video-preview:-1"},"canonical":"https:\/\/sunflow.es\/eu\/produktua\/set-laflordelsol-acero-negro-esmalte\/","og_locale":"en_US","og_type":"article","og_title":"Set la Flor del Sol Acero Negro Esmalte - Sun &amp; Flow","og_description":"Artesan\u00eda\u00a0Sun & Flow: joyas de acero quir\u00fargico. Alta calidad! Hipoalerg\u00e9nicos! Amuletos de protecci\u00f3n contra todo el mal en forma de la Flor del Sol.","og_url":"https:\/\/sunflow.es\/eu\/produktua\/set-laflordelsol-acero-negro-esmalte\/","og_site_name":"Sun &amp; Flow","article_modified_time":"2025-09-23T09:07:19+00:00","og_image":[{"width":870,"height":870,"url":"https:\/\/sunflow.es\/wp-content\/uploads\/2023\/12\/set_eguzkilore_acero_negro_esmalte.jpg","type":"image\/jpeg"}],"twitter_card":"summary_large_image","twitter_misc":{"Est. reading time":"1 minutua"},"schema":{"@context":"https:\/\/schema.org","@graph":[{"@type":"WebPage","@id":"https:\/\/sunflow.es\/producto\/set-laflordelsol-acero-negro-esmalte\/","url":"https:\/\/sunflow.es\/producto\/set-laflordelsol-acero-negro-esmalte\/","name":"Set la Flor del Sol Acero Negro Esmalte - Sun &amp; Flow","isPartOf":{"@id":"https:\/\/sunflow.es\/#website"},"primaryImageOfPage":{"@id":"https:\/\/sunflow.es\/producto\/set-laflordelsol-acero-negro-esmalte\/#primaryimage"},"image":{"@id":"https:\/\/sunflow.es\/producto\/set-laflordelsol-acero-negro-esmalte\/#primaryimage"},"thumbnailUrl":"https:\/\/sunflow.es\/wp-content\/uploads\/2023\/12\/set_eguzkilore_acero_negro_esmalte.jpg","datePublished":"2023-12-01T09:59:48+00:00","dateModified":"2025-09-23T09:07:19+00:00","description":"Artesan\u00eda\u00a0Sun & Flow: joyas de acero quir\u00fargico. Alta calidad! Hipoalerg\u00e9nicos! Amuletos de protecci\u00f3n contra todo el mal en forma de la Flor del Sol.","breadcrumb":{"@id":"https:\/\/sunflow.es\/producto\/set-laflordelsol-acero-negro-esmalte\/#breadcrumb"},"inLanguage":"eu","potentialAction":[{"@type":"ReadAction","target":["https:\/\/sunflow.es\/producto\/set-laflordelsol-acero-negro-esmalte\/"]}]},{"@type":"ImageObject","inLanguage":"eu","@id":"https:\/\/sunflow.es\/producto\/set-laflordelsol-acero-negro-esmalte\/#primaryimage","url":"https:\/\/sunflow.es\/wp-content\/uploads\/2023\/12\/set_eguzkilore_acero_negro_esmalte.jpg","contentUrl":"https:\/\/sunflow.es\/wp-content\/uploads\/2023\/12\/set_eguzkilore_acero_negro_esmalte.jpg","width":870,"height":870,"caption":"Artesan\u00eda\u00a0Sun & Flow: incre\u00edbles joyas de acero quir\u00fargico.de dise\u00f1o propio registrado. Alta calidad! Hipoalerg\u00e9nicos! Amuletos protectores, de poder, amor, equilibrio, sabidur\u00eda y de la suerte."},{"@type":"BreadcrumbList","@id":"https:\/\/sunflow.es\/producto\/set-laflordelsol-acero-negro-esmalte\/#breadcrumb","itemListElement":[{"@type":"ListItem","position":1,"name":"Portada","item":"https:\/\/sunflow.es\/"},{"@type":"ListItem","position":2,"name":"Tienda","item":"https:\/\/sunflow.es\/tienda\/"},{"@type":"ListItem","position":3,"name":"Set la Flor del Sol Acero Negro Esmalte"}]},{"@type":"WebSite","@id":"https:\/\/sunflow.es\/#website","url":"https:\/\/sunflow.es\/","name":"Sun &amp; Flow","description":"Sun &amp; Flow","publisher":{"@id":"https:\/\/sunflow.es\/#organization"},"potentialAction":[{"@type":"SearchAction","target":{"@type":"EntryPoint","urlTemplate":"https:\/\/sunflow.es\/?s={search_term_string}"},"query-input":{"@type":"PropertyValueSpecification","valueRequired":true,"valueName":"search_term_string"}}],"inLanguage":"eu"},{"@type":"Organization","@id":"https:\/\/sunflow.es\/#organization","name":"Sun &amp; Flow","url":"https:\/\/sunflow.es\/","logo":{"@type":"ImageObject","inLanguage":"eu","@id":"https:\/\/sunflow.es\/#\/schema\/logo\/image\/","url":"https:\/\/sunflow.es\/wp-content\/uploads\/2023\/11\/cropped-logotransp.png","contentUrl":"https:\/\/sunflow.es\/wp-content\/uploads\/2023\/11\/cropped-logotransp.png","width":451,"height":167,"caption":"Sun &amp; Flow"},"image":{"@id":"https:\/\/sunflow.es\/#\/schema\/logo\/image\/"}}]}},"jetpack_sharing_enabled":true,"_links":{"self":[{"href":"https:\/\/sunflow.es\/eu\/wp-json\/wp\/v2\/product\/2164","targetHints":{"allow":["GET"]}}],"collection":[{"href":"https:\/\/sunflow.es\/eu\/wp-json\/wp\/v2\/product"}],"about":[{"href":"https:\/\/sunflow.es\/eu\/wp-json\/wp\/v2\/types\/product"}],"replies":[{"embeddable":true,"href":"https:\/\/sunflow.es\/eu\/wp-json\/wp\/v2\/comments?post=2164"}],"wp:featuredmedia":[{"embeddable":true,"href":"https:\/\/sunflow.es\/eu\/wp-json\/wp\/v2\/media\/2165"}],"wp:attachment":[{"href":"https:\/\/sunflow.es\/eu\/wp-json\/wp\/v2\/media?parent=2164"}],"wp:term":[{"taxonomy":"product_brand","embeddable":true,"href":"https:\/\/sunflow.es\/eu\/wp-json\/wp\/v2\/product_brand?post=2164"},{"taxonomy":"product_cat","embeddable":true,"href":"https:\/\/sunflow.es\/eu\/wp-json\/wp\/v2\/product_cat?post=2164"},{"taxonomy":"product_tag","embeddable":true,"href":"https:\/\/sunflow.es\/eu\/wp-json\/wp\/v2\/product_tag?post=2164"}],"curies":[{"name":"wp","href":"https:\/\/api.w.org\/{rel}","templated":true}]}}