{"id":2020,"date":"2023-11-30T14:50:50","date_gmt":"2023-11-30T14:50:50","guid":{"rendered":"https:\/\/sunflow.es\/?post_type=product&#038;p=2020"},"modified":"2024-04-16T08:19:57","modified_gmt":"2024-04-16T08:19:57","slug":"la-flor-de-edelweiss-version-morado","status":"publish","type":"product","link":"https:\/\/sunflow.es\/eu\/produktua\/la-flor-de-edelweiss-version-morado\/","title":{"rendered":"La Flor de Edelweiss versi\u00f3n Morado"},"content":{"rendered":"<p>Precioso y \u00fanico\u00a0<strong>colgante en<\/strong>\u00a0forma de\u00a0<strong>Edelweiss<\/strong>. El\u00a0<strong>colgante<\/strong> de 25 mm est\u00e1 elaborado de <strong>acero quir\u00fargico inoxidable de la mejor calidad<\/strong>\u00a0y est\u00e1 adornado con unos circones morados y uno blanco central.<\/p>\n<p><strong><em>La Flor de Edelweiss<\/em>\u00a0podemos encontrar en las cotas m\u00e1s altas del Pirineo, es conocida igualmente por su belleza que por su rareza.<br \/>\n<em>Edelweiss<\/em><\/strong>\u00a0es s\u00edmbolo de amor verdadero y eterno, representa el coraje y los sue\u00f1os.<\/p>\n<p><em>\u201cDice la Leyenda, que un d\u00eda en el firmamento\u00a0<strong>una estrella<\/strong>\u00a0le confes\u00f3 a la Luna que sent\u00eda envidia de quienes viv\u00edan en la Tierra. El planeta se ve\u00eda tan verde y azul desde all\u00ed arriba. Tan lindo que la estrella imaginaba lo bonito que ser\u00eda convertirse en flor y vivir rodeada de tan hermosos valles, bosques, r\u00edos y monta\u00f1as.<br \/>\n<\/em><em>La Luna, orgullosa, no se lo tom\u00f3 bien. Enfadada y despechada decidi\u00f3 acceder y la envi\u00f3 a una de nuestra monta\u00f1as m\u00e1s altas. All\u00ed, cubierta por un manto de blanca nieve, la estrella se convirti\u00f3 en una de las flores m\u00e1s hermosas nunca vistas, con forma estrellada y p\u00e9talos de color de luna.<br \/>\n<\/em><em>Sin embargo, la Luna se hab\u00eda cobrado su despecho y la nueva flor pronto se dio cuenta. Estaba sola, rodeada de roca y hielo en lo alto de las monta\u00f1as y alejada del resto de seres de la Tierra.\u201d<\/em><\/p>\n<p>Directamente del taller artesanal\u00a0<strong>Sun &amp; Flow<\/strong>: joyas de acero quir\u00fargico, todos los dise\u00f1os exclusivos, \u00fanicos y originales, preparados artesanalmente en ediciones extra limitadas!<\/p>\n<p>Precioso colgante en forma de la Flor de\u00a0<strong>Edelweiss<\/strong>.<\/p>\n<ul>\n<li><strong>Composici\u00f3n:<\/strong>\u00a0 Acero inoxidable quir\u00fargico \u00a0316 L hipoalerg\u00e9nico (no magn\u00e9tico). Grabado l\u00e1ser. Circones.<\/li>\n<li><strong>Tama\u00f1o:<\/strong>\u00a0 El\u00a0<strong>colgante<\/strong> tiene 25 mm.<\/li>\n<li><strong>Soporte:<\/strong>\u00a0\u00a0Cadena de acero inox. de aprox. 45cm de largo con acabados de acero inoxidable.<\/li>\n<li><strong>Presentaci\u00f3n:<\/strong>\u00a01x Cajita de cart\u00f3n\u00a0<strong>\u201cSun &amp; Flow\u201d<\/strong>, 1x Descripci\u00f3n, 1x Bolsita de organza, 1x Colgante Edelweiss<\/li>\n<li><strong>Peso con embalaje:<\/strong>\u00a0Aprox. 30 gramos.<\/li>\n<\/ul>","protected":false},"excerpt":{"rendered":"<p>Precioso y \u00fanico\u00a0colgante en\u00a0forma de\u00a0Edelweiss. El\u00a0colgante de 25 mm est\u00e1 elaborado de acero quir\u00fargico inoxidable de la mejor calidad\u00a0y est\u00e1 adornado con unos circones morados y uno blanco central. La Flor de Edelweiss\u00a0podemos encontrar en las cotas m\u00e1s altas del Pirineo, es conocida igualmente por su belleza que por su rareza. Edelweiss\u00a0es s\u00edmbolo de amor [&hellip;]<\/p>\n","protected":false},"featured_media":2025,"comment_status":"open","ping_status":"closed","template":"","meta":[],"product_brand":[],"product_cat":[22],"product_tag":[41,42,91,152,46,89,39,90],"class_list":{"0":"post-2020","1":"product","2":"type-product","3":"status-publish","4":"has-post-thumbnail","6":"product_cat-eldelweiss","7":"product_tag-acero","8":"product_tag-colgante","9":"product_tag-ed","10":"product_tag-ed-vi","11":"product_tag-esmalte","12":"product_tag-estrella","13":"product_tag-flor","14":"product_tag-morado","16":"first","17":"instock","18":"shipping-taxable","19":"purchasable","20":"product-type-simple"},"yoast_head":"<!-- This site is optimized with the Yoast SEO plugin v27.6 - https:\/\/yoast.com\/product\/yoast-seo-wordpress\/ -->\n<title>La Flor de Edelweiss versi\u00f3n Morado - Sun &amp; Flow<\/title>\n<meta name=\"description\" content=\"Artesan\u00eda\u00a0Sun &amp; Flow: joyas de acero quir\u00fargico. Alta calidad! Hipoalerg\u00e9nicos! Amuleto y s\u00edmbolo de amor verdadero y eterno la Flor de Edelweiss.\" \/>\n<meta name=\"robots\" content=\"index, follow, max-snippet:-1, max-image-preview:large, max-video-preview:-1\" \/>\n<link rel=\"canonical\" href=\"https:\/\/sunflow.es\/eu\/produktua\/la-flor-de-edelweiss-version-morado\/\" \/>\n<meta property=\"og:locale\" content=\"en_US\" \/>\n<meta property=\"og:type\" content=\"article\" \/>\n<meta property=\"og:title\" content=\"La Flor de Edelweiss versi\u00f3n Morado - Sun &amp; Flow\" \/>\n<meta property=\"og:description\" content=\"Artesan\u00eda\u00a0Sun &amp; Flow: joyas de acero quir\u00fargico. Alta calidad! Hipoalerg\u00e9nicos! Amuleto y s\u00edmbolo de amor verdadero y eterno la Flor de Edelweiss.\" \/>\n<meta property=\"og:url\" content=\"https:\/\/sunflow.es\/eu\/produktua\/la-flor-de-edelweiss-version-morado\/\" \/>\n<meta property=\"og:site_name\" content=\"Sun &amp; Flow\" \/>\n<meta property=\"article:modified_time\" content=\"2024-04-16T08:19:57+00:00\" \/>\n<meta property=\"og:image\" content=\"https:\/\/sunflow.es\/wp-content\/uploads\/2023\/11\/la_flor_edlweiss_morado.jpg\" \/>\n\t<meta property=\"og:image:width\" content=\"1301\" \/>\n\t<meta property=\"og:image:height\" content=\"1264\" \/>\n\t<meta property=\"og:image:type\" content=\"image\/jpeg\" \/>\n<meta name=\"twitter:card\" content=\"summary_large_image\" \/>\n<meta name=\"twitter:label1\" content=\"Est. reading time\" \/>\n\t<meta name=\"twitter:data1\" content=\"2 minutua\" \/>\n<script type=\"application\/ld+json\" class=\"yoast-schema-graph\">{\"@context\":\"https:\\\/\\\/schema.org\",\"@graph\":[{\"@type\":\"WebPage\",\"@id\":\"https:\\\/\\\/sunflow.es\\\/producto\\\/la-flor-de-edelweiss-version-morado\\\/\",\"url\":\"https:\\\/\\\/sunflow.es\\\/producto\\\/la-flor-de-edelweiss-version-morado\\\/\",\"name\":\"La Flor de Edelweiss versi\u00f3n Morado - Sun &amp; Flow\",\"isPartOf\":{\"@id\":\"https:\\\/\\\/sunflow.es\\\/#website\"},\"primaryImageOfPage\":{\"@id\":\"https:\\\/\\\/sunflow.es\\\/producto\\\/la-flor-de-edelweiss-version-morado\\\/#primaryimage\"},\"image\":{\"@id\":\"https:\\\/\\\/sunflow.es\\\/producto\\\/la-flor-de-edelweiss-version-morado\\\/#primaryimage\"},\"thumbnailUrl\":\"https:\\\/\\\/sunflow.es\\\/wp-content\\\/uploads\\\/2023\\\/11\\\/la_flor_edlweiss_morado.jpg\",\"datePublished\":\"2023-11-30T14:50:50+00:00\",\"dateModified\":\"2024-04-16T08:19:57+00:00\",\"description\":\"Artesan\u00eda\u00a0Sun & Flow: joyas de acero quir\u00fargico. Alta calidad! Hipoalerg\u00e9nicos! Amuleto y s\u00edmbolo de amor verdadero y eterno la Flor de Edelweiss.\",\"breadcrumb\":{\"@id\":\"https:\\\/\\\/sunflow.es\\\/producto\\\/la-flor-de-edelweiss-version-morado\\\/#breadcrumb\"},\"inLanguage\":\"eu\",\"potentialAction\":[{\"@type\":\"ReadAction\",\"target\":[\"https:\\\/\\\/sunflow.es\\\/producto\\\/la-flor-de-edelweiss-version-morado\\\/\"]}]},{\"@type\":\"ImageObject\",\"inLanguage\":\"eu\",\"@id\":\"https:\\\/\\\/sunflow.es\\\/producto\\\/la-flor-de-edelweiss-version-morado\\\/#primaryimage\",\"url\":\"https:\\\/\\\/sunflow.es\\\/wp-content\\\/uploads\\\/2023\\\/11\\\/la_flor_edlweiss_morado.jpg\",\"contentUrl\":\"https:\\\/\\\/sunflow.es\\\/wp-content\\\/uploads\\\/2023\\\/11\\\/la_flor_edlweiss_morado.jpg\",\"width\":1301,\"height\":1264,\"caption\":\"Artesan\u00eda\u00a0Sun & Flow: incre\u00edbles joyas de acero quir\u00fargico.de dise\u00f1o propio registrado. Alta calidad! Hipoalerg\u00e9nicos! Amuletos protectores, de poder, amor, equilibrio, sabidur\u00eda y de la suerte.\"},{\"@type\":\"BreadcrumbList\",\"@id\":\"https:\\\/\\\/sunflow.es\\\/producto\\\/la-flor-de-edelweiss-version-morado\\\/#breadcrumb\",\"itemListElement\":[{\"@type\":\"ListItem\",\"position\":1,\"name\":\"Portada\",\"item\":\"https:\\\/\\\/sunflow.es\\\/\"},{\"@type\":\"ListItem\",\"position\":2,\"name\":\"Tienda\",\"item\":\"https:\\\/\\\/sunflow.es\\\/tienda\\\/\"},{\"@type\":\"ListItem\",\"position\":3,\"name\":\"La Flor de Edelweiss versi\u00f3n Morado\"}]},{\"@type\":\"WebSite\",\"@id\":\"https:\\\/\\\/sunflow.es\\\/#website\",\"url\":\"https:\\\/\\\/sunflow.es\\\/\",\"name\":\"Sun &amp; Flow\",\"description\":\"Sun &amp; Flow\",\"publisher\":{\"@id\":\"https:\\\/\\\/sunflow.es\\\/#organization\"},\"potentialAction\":[{\"@type\":\"SearchAction\",\"target\":{\"@type\":\"EntryPoint\",\"urlTemplate\":\"https:\\\/\\\/sunflow.es\\\/?s={search_term_string}\"},\"query-input\":{\"@type\":\"PropertyValueSpecification\",\"valueRequired\":true,\"valueName\":\"search_term_string\"}}],\"inLanguage\":\"eu\"},{\"@type\":\"Organization\",\"@id\":\"https:\\\/\\\/sunflow.es\\\/#organization\",\"name\":\"Sun &amp; Flow\",\"url\":\"https:\\\/\\\/sunflow.es\\\/\",\"logo\":{\"@type\":\"ImageObject\",\"inLanguage\":\"eu\",\"@id\":\"https:\\\/\\\/sunflow.es\\\/#\\\/schema\\\/logo\\\/image\\\/\",\"url\":\"https:\\\/\\\/sunflow.es\\\/wp-content\\\/uploads\\\/2023\\\/11\\\/cropped-logotransp.png\",\"contentUrl\":\"https:\\\/\\\/sunflow.es\\\/wp-content\\\/uploads\\\/2023\\\/11\\\/cropped-logotransp.png\",\"width\":451,\"height\":167,\"caption\":\"Sun &amp; Flow\"},\"image\":{\"@id\":\"https:\\\/\\\/sunflow.es\\\/#\\\/schema\\\/logo\\\/image\\\/\"}}]}<\/script>\n<!-- \/ Yoast SEO plugin. -->","yoast_head_json":{"title":"La Flor de Edelweiss versi\u00f3n Morado - Sun &amp; Flow","description":"Artesan\u00eda\u00a0Sun & Flow: joyas de acero quir\u00fargico. Alta calidad! Hipoalerg\u00e9nicos! Amuleto y s\u00edmbolo de amor verdadero y eterno la Flor de Edelweiss.","robots":{"index":"index","follow":"follow","max-snippet":"max-snippet:-1","max-image-preview":"max-image-preview:large","max-video-preview":"max-video-preview:-1"},"canonical":"https:\/\/sunflow.es\/eu\/produktua\/la-flor-de-edelweiss-version-morado\/","og_locale":"en_US","og_type":"article","og_title":"La Flor de Edelweiss versi\u00f3n Morado - Sun &amp; Flow","og_description":"Artesan\u00eda\u00a0Sun & Flow: joyas de acero quir\u00fargico. Alta calidad! Hipoalerg\u00e9nicos! Amuleto y s\u00edmbolo de amor verdadero y eterno la Flor de Edelweiss.","og_url":"https:\/\/sunflow.es\/eu\/produktua\/la-flor-de-edelweiss-version-morado\/","og_site_name":"Sun &amp; Flow","article_modified_time":"2024-04-16T08:19:57+00:00","og_image":[{"width":1301,"height":1264,"url":"https:\/\/sunflow.es\/wp-content\/uploads\/2023\/11\/la_flor_edlweiss_morado.jpg","type":"image\/jpeg"}],"twitter_card":"summary_large_image","twitter_misc":{"Est. reading time":"2 minutua"},"schema":{"@context":"https:\/\/schema.org","@graph":[{"@type":"WebPage","@id":"https:\/\/sunflow.es\/producto\/la-flor-de-edelweiss-version-morado\/","url":"https:\/\/sunflow.es\/producto\/la-flor-de-edelweiss-version-morado\/","name":"La Flor de Edelweiss versi\u00f3n Morado - Sun &amp; Flow","isPartOf":{"@id":"https:\/\/sunflow.es\/#website"},"primaryImageOfPage":{"@id":"https:\/\/sunflow.es\/producto\/la-flor-de-edelweiss-version-morado\/#primaryimage"},"image":{"@id":"https:\/\/sunflow.es\/producto\/la-flor-de-edelweiss-version-morado\/#primaryimage"},"thumbnailUrl":"https:\/\/sunflow.es\/wp-content\/uploads\/2023\/11\/la_flor_edlweiss_morado.jpg","datePublished":"2023-11-30T14:50:50+00:00","dateModified":"2024-04-16T08:19:57+00:00","description":"Artesan\u00eda\u00a0Sun & Flow: joyas de acero quir\u00fargico. Alta calidad! Hipoalerg\u00e9nicos! Amuleto y s\u00edmbolo de amor verdadero y eterno la Flor de Edelweiss.","breadcrumb":{"@id":"https:\/\/sunflow.es\/producto\/la-flor-de-edelweiss-version-morado\/#breadcrumb"},"inLanguage":"eu","potentialAction":[{"@type":"ReadAction","target":["https:\/\/sunflow.es\/producto\/la-flor-de-edelweiss-version-morado\/"]}]},{"@type":"ImageObject","inLanguage":"eu","@id":"https:\/\/sunflow.es\/producto\/la-flor-de-edelweiss-version-morado\/#primaryimage","url":"https:\/\/sunflow.es\/wp-content\/uploads\/2023\/11\/la_flor_edlweiss_morado.jpg","contentUrl":"https:\/\/sunflow.es\/wp-content\/uploads\/2023\/11\/la_flor_edlweiss_morado.jpg","width":1301,"height":1264,"caption":"Artesan\u00eda\u00a0Sun & Flow: incre\u00edbles joyas de acero quir\u00fargico.de dise\u00f1o propio registrado. Alta calidad! Hipoalerg\u00e9nicos! Amuletos protectores, de poder, amor, equilibrio, sabidur\u00eda y de la suerte."},{"@type":"BreadcrumbList","@id":"https:\/\/sunflow.es\/producto\/la-flor-de-edelweiss-version-morado\/#breadcrumb","itemListElement":[{"@type":"ListItem","position":1,"name":"Portada","item":"https:\/\/sunflow.es\/"},{"@type":"ListItem","position":2,"name":"Tienda","item":"https:\/\/sunflow.es\/tienda\/"},{"@type":"ListItem","position":3,"name":"La Flor de Edelweiss versi\u00f3n Morado"}]},{"@type":"WebSite","@id":"https:\/\/sunflow.es\/#website","url":"https:\/\/sunflow.es\/","name":"Sun &amp; Flow","description":"Sun &amp; Flow","publisher":{"@id":"https:\/\/sunflow.es\/#organization"},"potentialAction":[{"@type":"SearchAction","target":{"@type":"EntryPoint","urlTemplate":"https:\/\/sunflow.es\/?s={search_term_string}"},"query-input":{"@type":"PropertyValueSpecification","valueRequired":true,"valueName":"search_term_string"}}],"inLanguage":"eu"},{"@type":"Organization","@id":"https:\/\/sunflow.es\/#organization","name":"Sun &amp; Flow","url":"https:\/\/sunflow.es\/","logo":{"@type":"ImageObject","inLanguage":"eu","@id":"https:\/\/sunflow.es\/#\/schema\/logo\/image\/","url":"https:\/\/sunflow.es\/wp-content\/uploads\/2023\/11\/cropped-logotransp.png","contentUrl":"https:\/\/sunflow.es\/wp-content\/uploads\/2023\/11\/cropped-logotransp.png","width":451,"height":167,"caption":"Sun &amp; Flow"},"image":{"@id":"https:\/\/sunflow.es\/#\/schema\/logo\/image\/"}}]}},"jetpack_sharing_enabled":true,"_links":{"self":[{"href":"https:\/\/sunflow.es\/eu\/wp-json\/wp\/v2\/product\/2020","targetHints":{"allow":["GET"]}}],"collection":[{"href":"https:\/\/sunflow.es\/eu\/wp-json\/wp\/v2\/product"}],"about":[{"href":"https:\/\/sunflow.es\/eu\/wp-json\/wp\/v2\/types\/product"}],"replies":[{"embeddable":true,"href":"https:\/\/sunflow.es\/eu\/wp-json\/wp\/v2\/comments?post=2020"}],"wp:featuredmedia":[{"embeddable":true,"href":"https:\/\/sunflow.es\/eu\/wp-json\/wp\/v2\/media\/2025"}],"wp:attachment":[{"href":"https:\/\/sunflow.es\/eu\/wp-json\/wp\/v2\/media?parent=2020"}],"wp:term":[{"taxonomy":"product_brand","embeddable":true,"href":"https:\/\/sunflow.es\/eu\/wp-json\/wp\/v2\/product_brand?post=2020"},{"taxonomy":"product_cat","embeddable":true,"href":"https:\/\/sunflow.es\/eu\/wp-json\/wp\/v2\/product_cat?post=2020"},{"taxonomy":"product_tag","embeddable":true,"href":"https:\/\/sunflow.es\/eu\/wp-json\/wp\/v2\/product_tag?post=2020"}],"curies":[{"name":"wp","href":"https:\/\/api.w.org\/{rel}","templated":true}]}}