{"id":2018,"date":"2023-11-30T14:43:21","date_gmt":"2023-11-30T14:43:21","guid":{"rendered":"https:\/\/sunflow.es\/?post_type=product&#038;p=2018"},"modified":"2024-03-21T10:12:20","modified_gmt":"2024-03-21T10:12:20","slug":"pendientes-la-flor-de-edelweiss","status":"publish","type":"product","link":"https:\/\/sunflow.es\/eu\/produktua\/pendientes-la-flor-de-edelweiss\/","title":{"rendered":"Pendientes La Flor de Edelweiss"},"content":{"rendered":"<p>Preciosos y \u00fanicos\u00a0<strong>pendientes en<\/strong>\u00a0forma de\u00a0<strong>Edelweiss<\/strong>. El pendiente\u00a0de 17 mm est\u00e1 elaborado de\u00a0<strong>acero quir\u00fargico inoxidable de la mejor calidad<\/strong>\u00a0y est\u00e1 adornado con unos circones blancos.<\/p>\n<p><strong><em>La Flor de Edelweiss<\/em>\u00a0podemos encontrar en las cotas m\u00e1s altas del Pirineo, es conocida igualmente por su belleza que por su rareza.<br \/>\n<em>Edelweiss<\/em><\/strong>\u00a0es s\u00edmbolo de amor verdadero y eterno, representa el coraje y los sue\u00f1os.<\/p>\n<p><em>\u201cDice la Leyenda, que un d\u00eda en el firmamento\u00a0<strong>una estrella<\/strong>\u00a0le confes\u00f3 a la Luna que sent\u00eda envidia de quienes viv\u00edan en la Tierra. El planeta se ve\u00eda tan verde y azul desde all\u00ed arriba. Tan lindo que la estrella imaginaba lo bonito que ser\u00eda convertirse en flor y vivir rodeada de tan hermosos valles, bosques, r\u00edos y monta\u00f1as.<br \/>\n<\/em><em>La Luna, orgullosa, no se lo tom\u00f3 bien. Enfadada y despechada decidi\u00f3 acceder y la envi\u00f3 a una de nuestra monta\u00f1as m\u00e1s altas. All\u00ed, cubierta por un manto de blanca nieve, la estrella se convirti\u00f3 en una de las flores m\u00e1s hermosas nunca vistas, con forma estrellada y p\u00e9talos de color de luna.<br \/>\n<\/em><em>Sin embargo, la Luna se hab\u00eda cobrado su despecho y la nueva flor pronto se dio cuenta. Estaba sola, rodeada de roca y hielo en lo alto de las monta\u00f1as y alejada del resto de seres de la Tierra.\u201d<\/em><\/p>\n<p>Directamente del taller artesanal\u00a0<strong>Sun &amp; Flow<\/strong>: joyas de acero quir\u00fargico, todos los dise\u00f1os exclusivos, \u00fanicos y originales, preparados artesanalmente en ediciones extra limitadas!<\/p>\n<p>Preciosos pendientes en forma de la Flor de\u00a0<strong>Edelweiss<\/strong>.<\/p>\n<ul>\n<li><strong>Composici\u00f3n:<\/strong>\u00a0 Acero inoxidable quir\u00fargico \u00a0316 L hipoalerg\u00e9nico (no magn\u00e9tico). Circones.<\/li>\n<li><strong>Tama\u00f1o:<\/strong>\u00a0 El\u00a0<b>pendiente\u00a0<\/b>tiene 17 mm.<\/li>\n<li><strong>Soporte:<\/strong>\u00a0\u00a0Aros de acero inoxidable.<\/li>\n<li><strong>Presentaci\u00f3n:<\/strong>\u00a01x Cajita de cart\u00f3n\u00a0<strong>\u201cSun &amp; Flow\u201d<\/strong>, 1x Descripci\u00f3n, 1x Bolsita de organza, 1x Pendientes Edelweiss<\/li>\n<li><strong>Peso con embalaje:<\/strong>\u00a0Aprox. 30 gramos.<\/li>\n<\/ul>","protected":false},"excerpt":{"rendered":"<p>Preciosos y \u00fanicos\u00a0pendientes en\u00a0forma de\u00a0Edelweiss. El pendiente\u00a0de 17 mm est\u00e1 elaborado de\u00a0acero quir\u00fargico inoxidable de la mejor calidad\u00a0y est\u00e1 adornado con unos circones blancos. La Flor de Edelweiss\u00a0podemos encontrar en las cotas m\u00e1s altas del Pirineo, es conocida igualmente por su belleza que por su rareza. Edelweiss\u00a0es s\u00edmbolo de amor verdadero y eterno, representa el [&hellip;]<\/p>\n","protected":false},"featured_media":2019,"comment_status":"open","ping_status":"closed","template":"","meta":[],"product_brand":[],"product_cat":[22],"product_tag":[41,50,89,39,92,43],"class_list":{"0":"post-2018","1":"product","2":"type-product","3":"status-publish","4":"has-post-thumbnail","6":"product_cat-eldelweiss","7":"product_tag-acero","8":"product_tag-circon","9":"product_tag-estrella","10":"product_tag-flor","11":"product_tag-ped","12":"product_tag-pendientes","14":"first","15":"instock","16":"shipping-taxable","17":"purchasable","18":"product-type-simple"},"yoast_head":"<!-- This site is optimized with the Yoast SEO plugin v27.6 - https:\/\/yoast.com\/product\/yoast-seo-wordpress\/ -->\n<title>Pendientes La Flor de Edelweiss - Sun &amp; Flow<\/title>\n<meta name=\"description\" content=\"Artesan\u00eda\u00a0Sun &amp; Flow: joyas de acero quir\u00fargico. Alta calidad! Hipoalerg\u00e9nicos! Amuleto y s\u00edmbolo de amor verdadero y eterno la Flor de Edelweiss.\" \/>\n<meta name=\"robots\" content=\"index, follow, max-snippet:-1, max-image-preview:large, max-video-preview:-1\" \/>\n<link rel=\"canonical\" href=\"https:\/\/sunflow.es\/eu\/produktua\/pendientes-la-flor-de-edelweiss\/\" \/>\n<meta property=\"og:locale\" content=\"en_US\" \/>\n<meta property=\"og:type\" content=\"article\" \/>\n<meta property=\"og:title\" content=\"Pendientes La Flor de Edelweiss - Sun &amp; Flow\" \/>\n<meta property=\"og:description\" content=\"Artesan\u00eda\u00a0Sun &amp; Flow: joyas de acero quir\u00fargico. Alta calidad! Hipoalerg\u00e9nicos! Amuleto y s\u00edmbolo de amor verdadero y eterno la Flor de Edelweiss.\" \/>\n<meta property=\"og:url\" content=\"https:\/\/sunflow.es\/eu\/produktua\/pendientes-la-flor-de-edelweiss\/\" \/>\n<meta property=\"og:site_name\" content=\"Sun &amp; Flow\" \/>\n<meta property=\"article:modified_time\" content=\"2024-03-21T10:12:20+00:00\" \/>\n<meta property=\"og:image\" content=\"https:\/\/sunflow.es\/wp-content\/uploads\/2023\/11\/pendiente_la_flor_de_edelweiss.jpg\" \/>\n\t<meta property=\"og:image:width\" content=\"1428\" \/>\n\t<meta property=\"og:image:height\" content=\"1428\" \/>\n\t<meta property=\"og:image:type\" content=\"image\/jpeg\" \/>\n<meta name=\"twitter:card\" content=\"summary_large_image\" \/>\n<meta name=\"twitter:label1\" content=\"Est. reading time\" \/>\n\t<meta name=\"twitter:data1\" content=\"2 minutua\" \/>\n<script type=\"application\/ld+json\" class=\"yoast-schema-graph\">{\"@context\":\"https:\\\/\\\/schema.org\",\"@graph\":[{\"@type\":\"WebPage\",\"@id\":\"https:\\\/\\\/sunflow.es\\\/producto\\\/pendientes-la-flor-de-edelweiss\\\/\",\"url\":\"https:\\\/\\\/sunflow.es\\\/producto\\\/pendientes-la-flor-de-edelweiss\\\/\",\"name\":\"Pendientes La Flor de Edelweiss - Sun &amp; Flow\",\"isPartOf\":{\"@id\":\"https:\\\/\\\/sunflow.es\\\/#website\"},\"primaryImageOfPage\":{\"@id\":\"https:\\\/\\\/sunflow.es\\\/producto\\\/pendientes-la-flor-de-edelweiss\\\/#primaryimage\"},\"image\":{\"@id\":\"https:\\\/\\\/sunflow.es\\\/producto\\\/pendientes-la-flor-de-edelweiss\\\/#primaryimage\"},\"thumbnailUrl\":\"https:\\\/\\\/sunflow.es\\\/wp-content\\\/uploads\\\/2023\\\/11\\\/pendiente_la_flor_de_edelweiss.jpg\",\"datePublished\":\"2023-11-30T14:43:21+00:00\",\"dateModified\":\"2024-03-21T10:12:20+00:00\",\"description\":\"Artesan\u00eda\u00a0Sun & Flow: joyas de acero quir\u00fargico. Alta calidad! Hipoalerg\u00e9nicos! Amuleto y s\u00edmbolo de amor verdadero y eterno la Flor de Edelweiss.\",\"breadcrumb\":{\"@id\":\"https:\\\/\\\/sunflow.es\\\/producto\\\/pendientes-la-flor-de-edelweiss\\\/#breadcrumb\"},\"inLanguage\":\"eu\",\"potentialAction\":[{\"@type\":\"ReadAction\",\"target\":[\"https:\\\/\\\/sunflow.es\\\/producto\\\/pendientes-la-flor-de-edelweiss\\\/\"]}]},{\"@type\":\"ImageObject\",\"inLanguage\":\"eu\",\"@id\":\"https:\\\/\\\/sunflow.es\\\/producto\\\/pendientes-la-flor-de-edelweiss\\\/#primaryimage\",\"url\":\"https:\\\/\\\/sunflow.es\\\/wp-content\\\/uploads\\\/2023\\\/11\\\/pendiente_la_flor_de_edelweiss.jpg\",\"contentUrl\":\"https:\\\/\\\/sunflow.es\\\/wp-content\\\/uploads\\\/2023\\\/11\\\/pendiente_la_flor_de_edelweiss.jpg\",\"width\":1428,\"height\":1428,\"caption\":\"Artesan\u00eda\u00a0Sun & Flow: incre\u00edbles joyas de acero quir\u00fargico.de dise\u00f1o propio registrado. Alta calidad! Hipoalerg\u00e9nicos! Amuletos protectores, de poder, amor, equilibrio, sabidur\u00eda y de la suerte.\"},{\"@type\":\"BreadcrumbList\",\"@id\":\"https:\\\/\\\/sunflow.es\\\/producto\\\/pendientes-la-flor-de-edelweiss\\\/#breadcrumb\",\"itemListElement\":[{\"@type\":\"ListItem\",\"position\":1,\"name\":\"Portada\",\"item\":\"https:\\\/\\\/sunflow.es\\\/\"},{\"@type\":\"ListItem\",\"position\":2,\"name\":\"Tienda\",\"item\":\"https:\\\/\\\/sunflow.es\\\/tienda\\\/\"},{\"@type\":\"ListItem\",\"position\":3,\"name\":\"Pendientes La Flor de Edelweiss\"}]},{\"@type\":\"WebSite\",\"@id\":\"https:\\\/\\\/sunflow.es\\\/#website\",\"url\":\"https:\\\/\\\/sunflow.es\\\/\",\"name\":\"Sun &amp; Flow\",\"description\":\"Sun &amp; Flow\",\"publisher\":{\"@id\":\"https:\\\/\\\/sunflow.es\\\/#organization\"},\"potentialAction\":[{\"@type\":\"SearchAction\",\"target\":{\"@type\":\"EntryPoint\",\"urlTemplate\":\"https:\\\/\\\/sunflow.es\\\/?s={search_term_string}\"},\"query-input\":{\"@type\":\"PropertyValueSpecification\",\"valueRequired\":true,\"valueName\":\"search_term_string\"}}],\"inLanguage\":\"eu\"},{\"@type\":\"Organization\",\"@id\":\"https:\\\/\\\/sunflow.es\\\/#organization\",\"name\":\"Sun &amp; Flow\",\"url\":\"https:\\\/\\\/sunflow.es\\\/\",\"logo\":{\"@type\":\"ImageObject\",\"inLanguage\":\"eu\",\"@id\":\"https:\\\/\\\/sunflow.es\\\/#\\\/schema\\\/logo\\\/image\\\/\",\"url\":\"https:\\\/\\\/sunflow.es\\\/wp-content\\\/uploads\\\/2023\\\/11\\\/cropped-logotransp.png\",\"contentUrl\":\"https:\\\/\\\/sunflow.es\\\/wp-content\\\/uploads\\\/2023\\\/11\\\/cropped-logotransp.png\",\"width\":451,\"height\":167,\"caption\":\"Sun &amp; Flow\"},\"image\":{\"@id\":\"https:\\\/\\\/sunflow.es\\\/#\\\/schema\\\/logo\\\/image\\\/\"}}]}<\/script>\n<!-- \/ Yoast SEO plugin. -->","yoast_head_json":{"title":"Pendientes La Flor de Edelweiss - Sun &amp; Flow","description":"Artesan\u00eda\u00a0Sun & Flow: joyas de acero quir\u00fargico. Alta calidad! Hipoalerg\u00e9nicos! Amuleto y s\u00edmbolo de amor verdadero y eterno la Flor de Edelweiss.","robots":{"index":"index","follow":"follow","max-snippet":"max-snippet:-1","max-image-preview":"max-image-preview:large","max-video-preview":"max-video-preview:-1"},"canonical":"https:\/\/sunflow.es\/eu\/produktua\/pendientes-la-flor-de-edelweiss\/","og_locale":"en_US","og_type":"article","og_title":"Pendientes La Flor de Edelweiss - Sun &amp; Flow","og_description":"Artesan\u00eda\u00a0Sun & Flow: joyas de acero quir\u00fargico. Alta calidad! Hipoalerg\u00e9nicos! Amuleto y s\u00edmbolo de amor verdadero y eterno la Flor de Edelweiss.","og_url":"https:\/\/sunflow.es\/eu\/produktua\/pendientes-la-flor-de-edelweiss\/","og_site_name":"Sun &amp; Flow","article_modified_time":"2024-03-21T10:12:20+00:00","og_image":[{"width":1428,"height":1428,"url":"https:\/\/sunflow.es\/wp-content\/uploads\/2023\/11\/pendiente_la_flor_de_edelweiss.jpg","type":"image\/jpeg"}],"twitter_card":"summary_large_image","twitter_misc":{"Est. reading time":"2 minutua"},"schema":{"@context":"https:\/\/schema.org","@graph":[{"@type":"WebPage","@id":"https:\/\/sunflow.es\/producto\/pendientes-la-flor-de-edelweiss\/","url":"https:\/\/sunflow.es\/producto\/pendientes-la-flor-de-edelweiss\/","name":"Pendientes La Flor de Edelweiss - Sun &amp; Flow","isPartOf":{"@id":"https:\/\/sunflow.es\/#website"},"primaryImageOfPage":{"@id":"https:\/\/sunflow.es\/producto\/pendientes-la-flor-de-edelweiss\/#primaryimage"},"image":{"@id":"https:\/\/sunflow.es\/producto\/pendientes-la-flor-de-edelweiss\/#primaryimage"},"thumbnailUrl":"https:\/\/sunflow.es\/wp-content\/uploads\/2023\/11\/pendiente_la_flor_de_edelweiss.jpg","datePublished":"2023-11-30T14:43:21+00:00","dateModified":"2024-03-21T10:12:20+00:00","description":"Artesan\u00eda\u00a0Sun & Flow: joyas de acero quir\u00fargico. Alta calidad! Hipoalerg\u00e9nicos! Amuleto y s\u00edmbolo de amor verdadero y eterno la Flor de Edelweiss.","breadcrumb":{"@id":"https:\/\/sunflow.es\/producto\/pendientes-la-flor-de-edelweiss\/#breadcrumb"},"inLanguage":"eu","potentialAction":[{"@type":"ReadAction","target":["https:\/\/sunflow.es\/producto\/pendientes-la-flor-de-edelweiss\/"]}]},{"@type":"ImageObject","inLanguage":"eu","@id":"https:\/\/sunflow.es\/producto\/pendientes-la-flor-de-edelweiss\/#primaryimage","url":"https:\/\/sunflow.es\/wp-content\/uploads\/2023\/11\/pendiente_la_flor_de_edelweiss.jpg","contentUrl":"https:\/\/sunflow.es\/wp-content\/uploads\/2023\/11\/pendiente_la_flor_de_edelweiss.jpg","width":1428,"height":1428,"caption":"Artesan\u00eda\u00a0Sun & Flow: incre\u00edbles joyas de acero quir\u00fargico.de dise\u00f1o propio registrado. Alta calidad! Hipoalerg\u00e9nicos! Amuletos protectores, de poder, amor, equilibrio, sabidur\u00eda y de la suerte."},{"@type":"BreadcrumbList","@id":"https:\/\/sunflow.es\/producto\/pendientes-la-flor-de-edelweiss\/#breadcrumb","itemListElement":[{"@type":"ListItem","position":1,"name":"Portada","item":"https:\/\/sunflow.es\/"},{"@type":"ListItem","position":2,"name":"Tienda","item":"https:\/\/sunflow.es\/tienda\/"},{"@type":"ListItem","position":3,"name":"Pendientes La Flor de Edelweiss"}]},{"@type":"WebSite","@id":"https:\/\/sunflow.es\/#website","url":"https:\/\/sunflow.es\/","name":"Sun &amp; Flow","description":"Sun &amp; Flow","publisher":{"@id":"https:\/\/sunflow.es\/#organization"},"potentialAction":[{"@type":"SearchAction","target":{"@type":"EntryPoint","urlTemplate":"https:\/\/sunflow.es\/?s={search_term_string}"},"query-input":{"@type":"PropertyValueSpecification","valueRequired":true,"valueName":"search_term_string"}}],"inLanguage":"eu"},{"@type":"Organization","@id":"https:\/\/sunflow.es\/#organization","name":"Sun &amp; Flow","url":"https:\/\/sunflow.es\/","logo":{"@type":"ImageObject","inLanguage":"eu","@id":"https:\/\/sunflow.es\/#\/schema\/logo\/image\/","url":"https:\/\/sunflow.es\/wp-content\/uploads\/2023\/11\/cropped-logotransp.png","contentUrl":"https:\/\/sunflow.es\/wp-content\/uploads\/2023\/11\/cropped-logotransp.png","width":451,"height":167,"caption":"Sun &amp; Flow"},"image":{"@id":"https:\/\/sunflow.es\/#\/schema\/logo\/image\/"}}]}},"jetpack_sharing_enabled":true,"_links":{"self":[{"href":"https:\/\/sunflow.es\/eu\/wp-json\/wp\/v2\/product\/2018","targetHints":{"allow":["GET"]}}],"collection":[{"href":"https:\/\/sunflow.es\/eu\/wp-json\/wp\/v2\/product"}],"about":[{"href":"https:\/\/sunflow.es\/eu\/wp-json\/wp\/v2\/types\/product"}],"replies":[{"embeddable":true,"href":"https:\/\/sunflow.es\/eu\/wp-json\/wp\/v2\/comments?post=2018"}],"wp:featuredmedia":[{"embeddable":true,"href":"https:\/\/sunflow.es\/eu\/wp-json\/wp\/v2\/media\/2019"}],"wp:attachment":[{"href":"https:\/\/sunflow.es\/eu\/wp-json\/wp\/v2\/media?parent=2018"}],"wp:term":[{"taxonomy":"product_brand","embeddable":true,"href":"https:\/\/sunflow.es\/eu\/wp-json\/wp\/v2\/product_brand?post=2018"},{"taxonomy":"product_cat","embeddable":true,"href":"https:\/\/sunflow.es\/eu\/wp-json\/wp\/v2\/product_cat?post=2018"},{"taxonomy":"product_tag","embeddable":true,"href":"https:\/\/sunflow.es\/eu\/wp-json\/wp\/v2\/product_tag?post=2018"}],"curies":[{"name":"wp","href":"https:\/\/api.w.org\/{rel}","templated":true}]}}