{"id":1944,"date":"2023-11-30T11:29:04","date_gmt":"2023-11-30T11:29:04","guid":{"rendered":"https:\/\/sunflow.es\/?post_type=product&#038;p=1944"},"modified":"2024-03-21T09:38:51","modified_gmt":"2024-03-21T09:38:51","slug":"laflordelsol-acero-18cm-adorno-hogar","status":"publish","type":"product","link":"https:\/\/sunflow.es\/eu\/produktua\/laflordelsol-acero-18cm-adorno-hogar\/","title":{"rendered":"La Flor del Sol Acero 18cm Adorno Hogar"},"content":{"rendered":"<p>Eguzkilore perfecto para colgar de una puerta o como un adorno de una pared. De tama\u00f1o hermoso m\u00e1s de 18 cm de di\u00e1metro, es una decoraci\u00f3n perfecta de hogar. De mantenimiento sencillo, al ser de acero quir\u00fargico, no se oxida ni pierde el color con el paso de los a\u00f1os.<\/p>\n<p>Directamente del taller artesanal\u00a0<strong>Sun &amp; Flow<\/strong>: joyas de acero quir\u00fargico, todos los dise\u00f1os exclusivos, \u00fanicos y originales, preparados artesanalmente en ediciones extra limitadas!<\/p>\n<ul>\n<li><strong>Composici\u00f3n:<\/strong>\u00a0 Acero quir\u00fargico color negro y dorado, grabado laser (nervios de la flor), resina (el n\u00facleo), un gancho de metal en la parte trasera.<\/li>\n<li><strong>Tama\u00f1o:<\/strong>\u00a0 La Flor del Sol tiene 18,3 cm.<\/li>\n<li><strong>Presentaci\u00f3n:<\/strong>\u00a0 Cajita de cart\u00f3n.<\/li>\n<\/ul>","protected":false},"excerpt":{"rendered":"<p>Eguzkilore perfecto para colgar de una puerta o como un adorno de una pared. De tama\u00f1o hermoso m\u00e1s de 18 cm de di\u00e1metro, es una decoraci\u00f3n perfecta de hogar. De mantenimiento sencillo, al ser de acero quir\u00fargico, no se oxida ni pierde el color con el paso de los a\u00f1os. Directamente del taller artesanal\u00a0Sun &amp; [&hellip;]<\/p>\n","protected":false},"featured_media":1948,"comment_status":"open","ping_status":"closed","template":"","meta":[],"product_brand":[],"product_cat":[23],"product_tag":[41,108,58,107,39,45,40],"class_list":{"0":"post-1944","1":"product","2":"type-product","3":"status-publish","4":"has-post-thumbnail","6":"product_cat-la-flor-del-sol","7":"product_tag-acero","8":"product_tag-decoracion","9":"product_tag-dorado","10":"product_tag-eg18","11":"product_tag-flor","12":"product_tag-negro","13":"product_tag-sol","15":"first","16":"instock","17":"shipping-taxable","18":"purchasable","19":"product-type-simple"},"yoast_head":"<!-- This site is optimized with the Yoast SEO plugin v27.6 - https:\/\/yoast.com\/product\/yoast-seo-wordpress\/ -->\n<title>La Flor del Sol Acero 18cm Adorno Hogar - Sun &amp; Flow<\/title>\n<meta name=\"description\" content=\"Artesan\u00eda\u00a0Sun &amp; Flow: joyas de acero quir\u00fargico. Alta calidad! Hipoalerg\u00e9nicos! Amuletos de protecci\u00f3n contra todo el mal en forma de la Flor del Sol.\" \/>\n<meta name=\"robots\" content=\"index, follow, max-snippet:-1, max-image-preview:large, max-video-preview:-1\" \/>\n<link rel=\"canonical\" href=\"https:\/\/sunflow.es\/eu\/produktua\/laflordelsol-acero-18cm-adorno-hogar\/\" \/>\n<meta property=\"og:locale\" content=\"en_US\" \/>\n<meta property=\"og:type\" content=\"article\" \/>\n<meta property=\"og:title\" content=\"La Flor del Sol Acero 18cm Adorno Hogar - Sun &amp; Flow\" \/>\n<meta property=\"og:description\" content=\"Artesan\u00eda\u00a0Sun &amp; Flow: joyas de acero quir\u00fargico. Alta calidad! Hipoalerg\u00e9nicos! Amuletos de protecci\u00f3n contra todo el mal en forma de la Flor del Sol.\" \/>\n<meta property=\"og:url\" content=\"https:\/\/sunflow.es\/eu\/produktua\/laflordelsol-acero-18cm-adorno-hogar\/\" \/>\n<meta property=\"og:site_name\" content=\"Sun &amp; Flow\" \/>\n<meta property=\"article:modified_time\" content=\"2024-03-21T09:38:51+00:00\" \/>\n<meta property=\"og:image\" content=\"https:\/\/sunflow.es\/wp-content\/uploads\/2023\/11\/eguzkilore_acero_adorno_negro.jpg\" \/>\n\t<meta property=\"og:image:width\" content=\"992\" \/>\n\t<meta property=\"og:image:height\" content=\"992\" \/>\n\t<meta property=\"og:image:type\" content=\"image\/jpeg\" \/>\n<meta name=\"twitter:card\" content=\"summary_large_image\" \/>\n<meta name=\"twitter:label1\" content=\"Est. reading time\" \/>\n\t<meta name=\"twitter:data1\" content=\"1 minutua\" \/>\n<script type=\"application\/ld+json\" class=\"yoast-schema-graph\">{\"@context\":\"https:\\\/\\\/schema.org\",\"@graph\":[{\"@type\":\"WebPage\",\"@id\":\"https:\\\/\\\/sunflow.es\\\/producto\\\/laflordelsol-acero-18cm-adorno-hogar\\\/\",\"url\":\"https:\\\/\\\/sunflow.es\\\/producto\\\/laflordelsol-acero-18cm-adorno-hogar\\\/\",\"name\":\"La Flor del Sol Acero 18cm Adorno Hogar - Sun &amp; Flow\",\"isPartOf\":{\"@id\":\"https:\\\/\\\/sunflow.es\\\/#website\"},\"primaryImageOfPage\":{\"@id\":\"https:\\\/\\\/sunflow.es\\\/producto\\\/laflordelsol-acero-18cm-adorno-hogar\\\/#primaryimage\"},\"image\":{\"@id\":\"https:\\\/\\\/sunflow.es\\\/producto\\\/laflordelsol-acero-18cm-adorno-hogar\\\/#primaryimage\"},\"thumbnailUrl\":\"https:\\\/\\\/sunflow.es\\\/wp-content\\\/uploads\\\/2023\\\/11\\\/eguzkilore_acero_adorno_negro.jpg\",\"datePublished\":\"2023-11-30T11:29:04+00:00\",\"dateModified\":\"2024-03-21T09:38:51+00:00\",\"description\":\"Artesan\u00eda\u00a0Sun & Flow: joyas de acero quir\u00fargico. Alta calidad! Hipoalerg\u00e9nicos! Amuletos de protecci\u00f3n contra todo el mal en forma de la Flor del Sol.\",\"breadcrumb\":{\"@id\":\"https:\\\/\\\/sunflow.es\\\/producto\\\/laflordelsol-acero-18cm-adorno-hogar\\\/#breadcrumb\"},\"inLanguage\":\"eu\",\"potentialAction\":[{\"@type\":\"ReadAction\",\"target\":[\"https:\\\/\\\/sunflow.es\\\/producto\\\/laflordelsol-acero-18cm-adorno-hogar\\\/\"]}]},{\"@type\":\"ImageObject\",\"inLanguage\":\"eu\",\"@id\":\"https:\\\/\\\/sunflow.es\\\/producto\\\/laflordelsol-acero-18cm-adorno-hogar\\\/#primaryimage\",\"url\":\"https:\\\/\\\/sunflow.es\\\/wp-content\\\/uploads\\\/2023\\\/11\\\/eguzkilore_acero_adorno_negro.jpg\",\"contentUrl\":\"https:\\\/\\\/sunflow.es\\\/wp-content\\\/uploads\\\/2023\\\/11\\\/eguzkilore_acero_adorno_negro.jpg\",\"width\":992,\"height\":992,\"caption\":\"Artesan\u00eda\u00a0Sun & Flow: incre\u00edbles joyas de acero quir\u00fargico.de dise\u00f1o propio registrado. Alta calidad! Hipoalerg\u00e9nicos! Amuletos protectores, de poder, amor, equilibrio, sabidur\u00eda y de la suerte.\"},{\"@type\":\"BreadcrumbList\",\"@id\":\"https:\\\/\\\/sunflow.es\\\/producto\\\/laflordelsol-acero-18cm-adorno-hogar\\\/#breadcrumb\",\"itemListElement\":[{\"@type\":\"ListItem\",\"position\":1,\"name\":\"Portada\",\"item\":\"https:\\\/\\\/sunflow.es\\\/\"},{\"@type\":\"ListItem\",\"position\":2,\"name\":\"Tienda\",\"item\":\"https:\\\/\\\/sunflow.es\\\/tienda\\\/\"},{\"@type\":\"ListItem\",\"position\":3,\"name\":\"La Flor del Sol Acero 18cm Adorno Hogar\"}]},{\"@type\":\"WebSite\",\"@id\":\"https:\\\/\\\/sunflow.es\\\/#website\",\"url\":\"https:\\\/\\\/sunflow.es\\\/\",\"name\":\"Sun &amp; Flow\",\"description\":\"Sun &amp; Flow\",\"publisher\":{\"@id\":\"https:\\\/\\\/sunflow.es\\\/#organization\"},\"potentialAction\":[{\"@type\":\"SearchAction\",\"target\":{\"@type\":\"EntryPoint\",\"urlTemplate\":\"https:\\\/\\\/sunflow.es\\\/?s={search_term_string}\"},\"query-input\":{\"@type\":\"PropertyValueSpecification\",\"valueRequired\":true,\"valueName\":\"search_term_string\"}}],\"inLanguage\":\"eu\"},{\"@type\":\"Organization\",\"@id\":\"https:\\\/\\\/sunflow.es\\\/#organization\",\"name\":\"Sun &amp; Flow\",\"url\":\"https:\\\/\\\/sunflow.es\\\/\",\"logo\":{\"@type\":\"ImageObject\",\"inLanguage\":\"eu\",\"@id\":\"https:\\\/\\\/sunflow.es\\\/#\\\/schema\\\/logo\\\/image\\\/\",\"url\":\"https:\\\/\\\/sunflow.es\\\/wp-content\\\/uploads\\\/2023\\\/11\\\/cropped-logotransp.png\",\"contentUrl\":\"https:\\\/\\\/sunflow.es\\\/wp-content\\\/uploads\\\/2023\\\/11\\\/cropped-logotransp.png\",\"width\":451,\"height\":167,\"caption\":\"Sun &amp; Flow\"},\"image\":{\"@id\":\"https:\\\/\\\/sunflow.es\\\/#\\\/schema\\\/logo\\\/image\\\/\"}}]}<\/script>\n<!-- \/ Yoast SEO plugin. -->","yoast_head_json":{"title":"La Flor del Sol Acero 18cm Adorno Hogar - Sun &amp; Flow","description":"Artesan\u00eda\u00a0Sun & Flow: joyas de acero quir\u00fargico. Alta calidad! Hipoalerg\u00e9nicos! Amuletos de protecci\u00f3n contra todo el mal en forma de la Flor del Sol.","robots":{"index":"index","follow":"follow","max-snippet":"max-snippet:-1","max-image-preview":"max-image-preview:large","max-video-preview":"max-video-preview:-1"},"canonical":"https:\/\/sunflow.es\/eu\/produktua\/laflordelsol-acero-18cm-adorno-hogar\/","og_locale":"en_US","og_type":"article","og_title":"La Flor del Sol Acero 18cm Adorno Hogar - Sun &amp; Flow","og_description":"Artesan\u00eda\u00a0Sun & Flow: joyas de acero quir\u00fargico. Alta calidad! Hipoalerg\u00e9nicos! Amuletos de protecci\u00f3n contra todo el mal en forma de la Flor del Sol.","og_url":"https:\/\/sunflow.es\/eu\/produktua\/laflordelsol-acero-18cm-adorno-hogar\/","og_site_name":"Sun &amp; Flow","article_modified_time":"2024-03-21T09:38:51+00:00","og_image":[{"width":992,"height":992,"url":"https:\/\/sunflow.es\/wp-content\/uploads\/2023\/11\/eguzkilore_acero_adorno_negro.jpg","type":"image\/jpeg"}],"twitter_card":"summary_large_image","twitter_misc":{"Est. reading time":"1 minutua"},"schema":{"@context":"https:\/\/schema.org","@graph":[{"@type":"WebPage","@id":"https:\/\/sunflow.es\/producto\/laflordelsol-acero-18cm-adorno-hogar\/","url":"https:\/\/sunflow.es\/producto\/laflordelsol-acero-18cm-adorno-hogar\/","name":"La Flor del Sol Acero 18cm Adorno Hogar - Sun &amp; Flow","isPartOf":{"@id":"https:\/\/sunflow.es\/#website"},"primaryImageOfPage":{"@id":"https:\/\/sunflow.es\/producto\/laflordelsol-acero-18cm-adorno-hogar\/#primaryimage"},"image":{"@id":"https:\/\/sunflow.es\/producto\/laflordelsol-acero-18cm-adorno-hogar\/#primaryimage"},"thumbnailUrl":"https:\/\/sunflow.es\/wp-content\/uploads\/2023\/11\/eguzkilore_acero_adorno_negro.jpg","datePublished":"2023-11-30T11:29:04+00:00","dateModified":"2024-03-21T09:38:51+00:00","description":"Artesan\u00eda\u00a0Sun & Flow: joyas de acero quir\u00fargico. Alta calidad! Hipoalerg\u00e9nicos! Amuletos de protecci\u00f3n contra todo el mal en forma de la Flor del Sol.","breadcrumb":{"@id":"https:\/\/sunflow.es\/producto\/laflordelsol-acero-18cm-adorno-hogar\/#breadcrumb"},"inLanguage":"eu","potentialAction":[{"@type":"ReadAction","target":["https:\/\/sunflow.es\/producto\/laflordelsol-acero-18cm-adorno-hogar\/"]}]},{"@type":"ImageObject","inLanguage":"eu","@id":"https:\/\/sunflow.es\/producto\/laflordelsol-acero-18cm-adorno-hogar\/#primaryimage","url":"https:\/\/sunflow.es\/wp-content\/uploads\/2023\/11\/eguzkilore_acero_adorno_negro.jpg","contentUrl":"https:\/\/sunflow.es\/wp-content\/uploads\/2023\/11\/eguzkilore_acero_adorno_negro.jpg","width":992,"height":992,"caption":"Artesan\u00eda\u00a0Sun & Flow: incre\u00edbles joyas de acero quir\u00fargico.de dise\u00f1o propio registrado. Alta calidad! Hipoalerg\u00e9nicos! Amuletos protectores, de poder, amor, equilibrio, sabidur\u00eda y de la suerte."},{"@type":"BreadcrumbList","@id":"https:\/\/sunflow.es\/producto\/laflordelsol-acero-18cm-adorno-hogar\/#breadcrumb","itemListElement":[{"@type":"ListItem","position":1,"name":"Portada","item":"https:\/\/sunflow.es\/"},{"@type":"ListItem","position":2,"name":"Tienda","item":"https:\/\/sunflow.es\/tienda\/"},{"@type":"ListItem","position":3,"name":"La Flor del Sol Acero 18cm Adorno Hogar"}]},{"@type":"WebSite","@id":"https:\/\/sunflow.es\/#website","url":"https:\/\/sunflow.es\/","name":"Sun &amp; Flow","description":"Sun &amp; Flow","publisher":{"@id":"https:\/\/sunflow.es\/#organization"},"potentialAction":[{"@type":"SearchAction","target":{"@type":"EntryPoint","urlTemplate":"https:\/\/sunflow.es\/?s={search_term_string}"},"query-input":{"@type":"PropertyValueSpecification","valueRequired":true,"valueName":"search_term_string"}}],"inLanguage":"eu"},{"@type":"Organization","@id":"https:\/\/sunflow.es\/#organization","name":"Sun &amp; Flow","url":"https:\/\/sunflow.es\/","logo":{"@type":"ImageObject","inLanguage":"eu","@id":"https:\/\/sunflow.es\/#\/schema\/logo\/image\/","url":"https:\/\/sunflow.es\/wp-content\/uploads\/2023\/11\/cropped-logotransp.png","contentUrl":"https:\/\/sunflow.es\/wp-content\/uploads\/2023\/11\/cropped-logotransp.png","width":451,"height":167,"caption":"Sun &amp; Flow"},"image":{"@id":"https:\/\/sunflow.es\/#\/schema\/logo\/image\/"}}]}},"jetpack_sharing_enabled":true,"_links":{"self":[{"href":"https:\/\/sunflow.es\/eu\/wp-json\/wp\/v2\/product\/1944","targetHints":{"allow":["GET"]}}],"collection":[{"href":"https:\/\/sunflow.es\/eu\/wp-json\/wp\/v2\/product"}],"about":[{"href":"https:\/\/sunflow.es\/eu\/wp-json\/wp\/v2\/types\/product"}],"replies":[{"embeddable":true,"href":"https:\/\/sunflow.es\/eu\/wp-json\/wp\/v2\/comments?post=1944"}],"wp:featuredmedia":[{"embeddable":true,"href":"https:\/\/sunflow.es\/eu\/wp-json\/wp\/v2\/media\/1948"}],"wp:attachment":[{"href":"https:\/\/sunflow.es\/eu\/wp-json\/wp\/v2\/media?parent=1944"}],"wp:term":[{"taxonomy":"product_brand","embeddable":true,"href":"https:\/\/sunflow.es\/eu\/wp-json\/wp\/v2\/product_brand?post=1944"},{"taxonomy":"product_cat","embeddable":true,"href":"https:\/\/sunflow.es\/eu\/wp-json\/wp\/v2\/product_cat?post=1944"},{"taxonomy":"product_tag","embeddable":true,"href":"https:\/\/sunflow.es\/eu\/wp-json\/wp\/v2\/product_tag?post=1944"}],"curies":[{"name":"wp","href":"https:\/\/api.w.org\/{rel}","templated":true}]}}