{"id":1907,"date":"2023-11-30T10:18:49","date_gmt":"2023-11-30T10:18:49","guid":{"rendered":"https:\/\/sunflow.es\/?post_type=product&#038;p=1907"},"modified":"2024-04-16T08:17:00","modified_gmt":"2024-04-16T08:17:00","slug":"colgante-sol-y-luna-acero-negro-diseno-reversible","status":"publish","type":"product","link":"https:\/\/sunflow.es\/eu\/produktua\/colgante-sol-y-luna-acero-negro-diseno-reversible\/","title":{"rendered":"Colgante Sol y Luna Acero Negro Dise\u00f1o Reversible"},"content":{"rendered":"<p>M\u00edstico colgante en forma de \u00a0<strong>Sol y Luna<\/strong>. Est\u00e1 inspirado en dos cuerpos celestiales y el ancestral\u00a0<em><strong>equilibrio<\/strong>\u00a0<\/em>que forman creando as\u00ed un amuleto del cual emana\u00a0<strong>la fuerza, el coraje y la vitalidad<\/strong>\u00a0aportada por el Sol y\u00a0<strong>la naturaleza et\u00e9rea, la tranquilidad y la intuici\u00f3n<\/strong>\u00a0de la Luna. Produce una extraordinaria gama de habilidades y bendiciones que trascienden el \u00e1mbito de la existencia ordinaria.<\/p>\n<p>Directamente del taller artesanal\u00a0<strong>Sun &amp; Flow<\/strong>: joyas de acero quir\u00fargico, todos los dise\u00f1os exclusivos, \u00fanicos y originales, preparados artesanalmente en ediciones extra limitadas!<\/p>\n<p>Este incre\u00edble\u00a0<strong>amuleto<\/strong> en forma de \u00a0<strong>Sol y Luna<\/strong><strong>\u00a0<\/strong>de 30mm de largo est\u00e1 elaborado de\u00a0<strong>acero quir\u00fargico inoxidable de la mejor calidad (acero 316 L anti- alerg\u00e9nico). Dise\u00f1o Reversible y Unisex listo para regalar!<\/strong><\/p>\n<ul>\n<li><strong>Composici\u00f3n:<\/strong>\u00a0 Acero inoxidable quir\u00fargico \u00a0316 L hipoalerg\u00e9nico (no magn\u00e9tico). Grabado l\u00e1ser a ambas caras.<\/li>\n<li><strong>Tama\u00f1o:<\/strong>\u00a0 El\u00a0<strong>colgante<\/strong>\u00a0tiene 25\u00d730 mm de largo.\u00a0<strong>Dise\u00f1o reversible.<\/strong><\/li>\n<li><strong>Soporte:<\/strong>\u00a0\u00a0Cadena de acero inoxidable aprox. de 45cm de largo.<\/li>\n<li><strong>Presentaci\u00f3n:<\/strong>\u00a01x Cajita de cart\u00f3n\u00a0<strong>\u201cSun &amp; Flow\u201d<\/strong>, 1x Descripci\u00f3n, 1x Bolsita de organza, 1x Colgante \u00a0<strong>Sol y Luna<\/strong>.<\/li>\n<li><strong>Peso con embalaje:<\/strong>\u00a0aprox. 30 gramos.<\/li>\n<\/ul>","protected":false},"excerpt":{"rendered":"<p>M\u00edstico colgante en forma de \u00a0Sol y Luna. Est\u00e1 inspirado en dos cuerpos celestiales y el ancestral\u00a0equilibrio\u00a0que forman creando as\u00ed un amuleto del cual emana\u00a0la fuerza, el coraje y la vitalidad\u00a0aportada por el Sol y\u00a0la naturaleza et\u00e9rea, la tranquilidad y la intuici\u00f3n\u00a0de la Luna. Produce una extraordinaria gama de habilidades y bendiciones que trascienden el [&hellip;]<\/p>\n","protected":false},"featured_media":1908,"comment_status":"open","ping_status":"closed","template":"","meta":[],"product_brand":[],"product_cat":[27],"product_tag":[41,49,42,114,147,115,45,40],"class_list":{"0":"post-1907","1":"product","2":"type-product","3":"status-publish","4":"has-post-thumbnail","6":"product_cat-sol-y-luna","7":"product_tag-acero","8":"product_tag-amuleto","9":"product_tag-colgante","10":"product_tag-el","11":"product_tag-el-ne","12":"product_tag-luna","13":"product_tag-negro","14":"product_tag-sol","16":"first","17":"instock","18":"shipping-taxable","19":"purchasable","20":"product-type-simple"},"yoast_head":"<!-- This site is optimized with the Yoast SEO plugin v27.6 - https:\/\/yoast.com\/product\/yoast-seo-wordpress\/ -->\n<title>Colgante Sol y Luna Acero Negro Dise\u00f1o Reversible - Sun &amp; Flow<\/title>\n<meta name=\"description\" content=\"Artesan\u00eda\u00a0Sun &amp; Flow: joyas de acero quir\u00fargico. Alta calidad! Hipoalerg\u00e9nicos! Amuleto que representa el coraje, la vitalidad, la intuici\u00f3n.\" \/>\n<meta name=\"robots\" content=\"index, follow, max-snippet:-1, max-image-preview:large, max-video-preview:-1\" \/>\n<link rel=\"canonical\" href=\"https:\/\/sunflow.es\/eu\/produktua\/colgante-sol-y-luna-acero-negro-diseno-reversible\/\" \/>\n<meta property=\"og:locale\" content=\"en_US\" \/>\n<meta property=\"og:type\" content=\"article\" \/>\n<meta property=\"og:title\" content=\"Colgante Sol y Luna Acero Negro Dise\u00f1o Reversible - Sun &amp; Flow\" \/>\n<meta property=\"og:description\" content=\"Artesan\u00eda\u00a0Sun &amp; Flow: joyas de acero quir\u00fargico. Alta calidad! Hipoalerg\u00e9nicos! Amuleto que representa el coraje, la vitalidad, la intuici\u00f3n.\" \/>\n<meta property=\"og:url\" content=\"https:\/\/sunflow.es\/eu\/produktua\/colgante-sol-y-luna-acero-negro-diseno-reversible\/\" \/>\n<meta property=\"og:site_name\" content=\"Sun &amp; Flow\" \/>\n<meta property=\"article:modified_time\" content=\"2024-04-16T08:17:00+00:00\" \/>\n<meta property=\"og:image\" content=\"https:\/\/sunflow.es\/wp-content\/uploads\/2023\/11\/colgante-sol-y-luna-negro.jpg\" \/>\n\t<meta property=\"og:image:width\" content=\"1000\" \/>\n\t<meta property=\"og:image:height\" content=\"1000\" \/>\n\t<meta property=\"og:image:type\" content=\"image\/jpeg\" \/>\n<meta name=\"twitter:card\" content=\"summary_large_image\" \/>\n<meta name=\"twitter:label1\" content=\"Est. reading time\" \/>\n\t<meta name=\"twitter:data1\" content=\"2 minutua\" \/>\n<script type=\"application\/ld+json\" class=\"yoast-schema-graph\">{\"@context\":\"https:\\\/\\\/schema.org\",\"@graph\":[{\"@type\":\"WebPage\",\"@id\":\"https:\\\/\\\/sunflow.es\\\/producto\\\/colgante-sol-y-luna-acero-negro-diseno-reversible\\\/\",\"url\":\"https:\\\/\\\/sunflow.es\\\/producto\\\/colgante-sol-y-luna-acero-negro-diseno-reversible\\\/\",\"name\":\"Colgante Sol y Luna Acero Negro Dise\u00f1o Reversible - Sun &amp; Flow\",\"isPartOf\":{\"@id\":\"https:\\\/\\\/sunflow.es\\\/#website\"},\"primaryImageOfPage\":{\"@id\":\"https:\\\/\\\/sunflow.es\\\/producto\\\/colgante-sol-y-luna-acero-negro-diseno-reversible\\\/#primaryimage\"},\"image\":{\"@id\":\"https:\\\/\\\/sunflow.es\\\/producto\\\/colgante-sol-y-luna-acero-negro-diseno-reversible\\\/#primaryimage\"},\"thumbnailUrl\":\"https:\\\/\\\/sunflow.es\\\/wp-content\\\/uploads\\\/2023\\\/11\\\/colgante-sol-y-luna-negro.jpg\",\"datePublished\":\"2023-11-30T10:18:49+00:00\",\"dateModified\":\"2024-04-16T08:17:00+00:00\",\"description\":\"Artesan\u00eda\u00a0Sun & Flow: joyas de acero quir\u00fargico. Alta calidad! Hipoalerg\u00e9nicos! Amuleto que representa el coraje, la vitalidad, la intuici\u00f3n.\",\"breadcrumb\":{\"@id\":\"https:\\\/\\\/sunflow.es\\\/producto\\\/colgante-sol-y-luna-acero-negro-diseno-reversible\\\/#breadcrumb\"},\"inLanguage\":\"eu\",\"potentialAction\":[{\"@type\":\"ReadAction\",\"target\":[\"https:\\\/\\\/sunflow.es\\\/producto\\\/colgante-sol-y-luna-acero-negro-diseno-reversible\\\/\"]}]},{\"@type\":\"ImageObject\",\"inLanguage\":\"eu\",\"@id\":\"https:\\\/\\\/sunflow.es\\\/producto\\\/colgante-sol-y-luna-acero-negro-diseno-reversible\\\/#primaryimage\",\"url\":\"https:\\\/\\\/sunflow.es\\\/wp-content\\\/uploads\\\/2023\\\/11\\\/colgante-sol-y-luna-negro.jpg\",\"contentUrl\":\"https:\\\/\\\/sunflow.es\\\/wp-content\\\/uploads\\\/2023\\\/11\\\/colgante-sol-y-luna-negro.jpg\",\"width\":1000,\"height\":1000,\"caption\":\"Artesan\u00eda\u00a0Sun & Flow: incre\u00edbles joyas de acero quir\u00fargico.de dise\u00f1o propio registrado. Alta calidad! Hipoalerg\u00e9nicos! Amuletos protectores, de poder, amor, equilibrio, sabidur\u00eda y de la suerte.\"},{\"@type\":\"BreadcrumbList\",\"@id\":\"https:\\\/\\\/sunflow.es\\\/producto\\\/colgante-sol-y-luna-acero-negro-diseno-reversible\\\/#breadcrumb\",\"itemListElement\":[{\"@type\":\"ListItem\",\"position\":1,\"name\":\"Portada\",\"item\":\"https:\\\/\\\/sunflow.es\\\/\"},{\"@type\":\"ListItem\",\"position\":2,\"name\":\"Tienda\",\"item\":\"https:\\\/\\\/sunflow.es\\\/tienda\\\/\"},{\"@type\":\"ListItem\",\"position\":3,\"name\":\"Colgante Sol y Luna Acero Negro Dise\u00f1o Reversible\"}]},{\"@type\":\"WebSite\",\"@id\":\"https:\\\/\\\/sunflow.es\\\/#website\",\"url\":\"https:\\\/\\\/sunflow.es\\\/\",\"name\":\"Sun &amp; Flow\",\"description\":\"Sun &amp; Flow\",\"publisher\":{\"@id\":\"https:\\\/\\\/sunflow.es\\\/#organization\"},\"potentialAction\":[{\"@type\":\"SearchAction\",\"target\":{\"@type\":\"EntryPoint\",\"urlTemplate\":\"https:\\\/\\\/sunflow.es\\\/?s={search_term_string}\"},\"query-input\":{\"@type\":\"PropertyValueSpecification\",\"valueRequired\":true,\"valueName\":\"search_term_string\"}}],\"inLanguage\":\"eu\"},{\"@type\":\"Organization\",\"@id\":\"https:\\\/\\\/sunflow.es\\\/#organization\",\"name\":\"Sun &amp; Flow\",\"url\":\"https:\\\/\\\/sunflow.es\\\/\",\"logo\":{\"@type\":\"ImageObject\",\"inLanguage\":\"eu\",\"@id\":\"https:\\\/\\\/sunflow.es\\\/#\\\/schema\\\/logo\\\/image\\\/\",\"url\":\"https:\\\/\\\/sunflow.es\\\/wp-content\\\/uploads\\\/2023\\\/11\\\/cropped-logotransp.png\",\"contentUrl\":\"https:\\\/\\\/sunflow.es\\\/wp-content\\\/uploads\\\/2023\\\/11\\\/cropped-logotransp.png\",\"width\":451,\"height\":167,\"caption\":\"Sun &amp; Flow\"},\"image\":{\"@id\":\"https:\\\/\\\/sunflow.es\\\/#\\\/schema\\\/logo\\\/image\\\/\"}}]}<\/script>\n<!-- \/ Yoast SEO plugin. -->","yoast_head_json":{"title":"Colgante Sol y Luna Acero Negro Dise\u00f1o Reversible - Sun &amp; Flow","description":"Artesan\u00eda\u00a0Sun & Flow: joyas de acero quir\u00fargico. Alta calidad! Hipoalerg\u00e9nicos! Amuleto que representa el coraje, la vitalidad, la intuici\u00f3n.","robots":{"index":"index","follow":"follow","max-snippet":"max-snippet:-1","max-image-preview":"max-image-preview:large","max-video-preview":"max-video-preview:-1"},"canonical":"https:\/\/sunflow.es\/eu\/produktua\/colgante-sol-y-luna-acero-negro-diseno-reversible\/","og_locale":"en_US","og_type":"article","og_title":"Colgante Sol y Luna Acero Negro Dise\u00f1o Reversible - Sun &amp; Flow","og_description":"Artesan\u00eda\u00a0Sun & Flow: joyas de acero quir\u00fargico. Alta calidad! Hipoalerg\u00e9nicos! Amuleto que representa el coraje, la vitalidad, la intuici\u00f3n.","og_url":"https:\/\/sunflow.es\/eu\/produktua\/colgante-sol-y-luna-acero-negro-diseno-reversible\/","og_site_name":"Sun &amp; Flow","article_modified_time":"2024-04-16T08:17:00+00:00","og_image":[{"width":1000,"height":1000,"url":"https:\/\/sunflow.es\/wp-content\/uploads\/2023\/11\/colgante-sol-y-luna-negro.jpg","type":"image\/jpeg"}],"twitter_card":"summary_large_image","twitter_misc":{"Est. reading time":"2 minutua"},"schema":{"@context":"https:\/\/schema.org","@graph":[{"@type":"WebPage","@id":"https:\/\/sunflow.es\/producto\/colgante-sol-y-luna-acero-negro-diseno-reversible\/","url":"https:\/\/sunflow.es\/producto\/colgante-sol-y-luna-acero-negro-diseno-reversible\/","name":"Colgante Sol y Luna Acero Negro Dise\u00f1o Reversible - Sun &amp; Flow","isPartOf":{"@id":"https:\/\/sunflow.es\/#website"},"primaryImageOfPage":{"@id":"https:\/\/sunflow.es\/producto\/colgante-sol-y-luna-acero-negro-diseno-reversible\/#primaryimage"},"image":{"@id":"https:\/\/sunflow.es\/producto\/colgante-sol-y-luna-acero-negro-diseno-reversible\/#primaryimage"},"thumbnailUrl":"https:\/\/sunflow.es\/wp-content\/uploads\/2023\/11\/colgante-sol-y-luna-negro.jpg","datePublished":"2023-11-30T10:18:49+00:00","dateModified":"2024-04-16T08:17:00+00:00","description":"Artesan\u00eda\u00a0Sun & Flow: joyas de acero quir\u00fargico. Alta calidad! Hipoalerg\u00e9nicos! Amuleto que representa el coraje, la vitalidad, la intuici\u00f3n.","breadcrumb":{"@id":"https:\/\/sunflow.es\/producto\/colgante-sol-y-luna-acero-negro-diseno-reversible\/#breadcrumb"},"inLanguage":"eu","potentialAction":[{"@type":"ReadAction","target":["https:\/\/sunflow.es\/producto\/colgante-sol-y-luna-acero-negro-diseno-reversible\/"]}]},{"@type":"ImageObject","inLanguage":"eu","@id":"https:\/\/sunflow.es\/producto\/colgante-sol-y-luna-acero-negro-diseno-reversible\/#primaryimage","url":"https:\/\/sunflow.es\/wp-content\/uploads\/2023\/11\/colgante-sol-y-luna-negro.jpg","contentUrl":"https:\/\/sunflow.es\/wp-content\/uploads\/2023\/11\/colgante-sol-y-luna-negro.jpg","width":1000,"height":1000,"caption":"Artesan\u00eda\u00a0Sun & Flow: incre\u00edbles joyas de acero quir\u00fargico.de dise\u00f1o propio registrado. Alta calidad! Hipoalerg\u00e9nicos! Amuletos protectores, de poder, amor, equilibrio, sabidur\u00eda y de la suerte."},{"@type":"BreadcrumbList","@id":"https:\/\/sunflow.es\/producto\/colgante-sol-y-luna-acero-negro-diseno-reversible\/#breadcrumb","itemListElement":[{"@type":"ListItem","position":1,"name":"Portada","item":"https:\/\/sunflow.es\/"},{"@type":"ListItem","position":2,"name":"Tienda","item":"https:\/\/sunflow.es\/tienda\/"},{"@type":"ListItem","position":3,"name":"Colgante Sol y Luna Acero Negro Dise\u00f1o Reversible"}]},{"@type":"WebSite","@id":"https:\/\/sunflow.es\/#website","url":"https:\/\/sunflow.es\/","name":"Sun &amp; Flow","description":"Sun &amp; Flow","publisher":{"@id":"https:\/\/sunflow.es\/#organization"},"potentialAction":[{"@type":"SearchAction","target":{"@type":"EntryPoint","urlTemplate":"https:\/\/sunflow.es\/?s={search_term_string}"},"query-input":{"@type":"PropertyValueSpecification","valueRequired":true,"valueName":"search_term_string"}}],"inLanguage":"eu"},{"@type":"Organization","@id":"https:\/\/sunflow.es\/#organization","name":"Sun &amp; Flow","url":"https:\/\/sunflow.es\/","logo":{"@type":"ImageObject","inLanguage":"eu","@id":"https:\/\/sunflow.es\/#\/schema\/logo\/image\/","url":"https:\/\/sunflow.es\/wp-content\/uploads\/2023\/11\/cropped-logotransp.png","contentUrl":"https:\/\/sunflow.es\/wp-content\/uploads\/2023\/11\/cropped-logotransp.png","width":451,"height":167,"caption":"Sun &amp; Flow"},"image":{"@id":"https:\/\/sunflow.es\/#\/schema\/logo\/image\/"}}]}},"jetpack_sharing_enabled":true,"_links":{"self":[{"href":"https:\/\/sunflow.es\/eu\/wp-json\/wp\/v2\/product\/1907","targetHints":{"allow":["GET"]}}],"collection":[{"href":"https:\/\/sunflow.es\/eu\/wp-json\/wp\/v2\/product"}],"about":[{"href":"https:\/\/sunflow.es\/eu\/wp-json\/wp\/v2\/types\/product"}],"replies":[{"embeddable":true,"href":"https:\/\/sunflow.es\/eu\/wp-json\/wp\/v2\/comments?post=1907"}],"wp:featuredmedia":[{"embeddable":true,"href":"https:\/\/sunflow.es\/eu\/wp-json\/wp\/v2\/media\/1908"}],"wp:attachment":[{"href":"https:\/\/sunflow.es\/eu\/wp-json\/wp\/v2\/media?parent=1907"}],"wp:term":[{"taxonomy":"product_brand","embeddable":true,"href":"https:\/\/sunflow.es\/eu\/wp-json\/wp\/v2\/product_brand?post=1907"},{"taxonomy":"product_cat","embeddable":true,"href":"https:\/\/sunflow.es\/eu\/wp-json\/wp\/v2\/product_cat?post=1907"},{"taxonomy":"product_tag","embeddable":true,"href":"https:\/\/sunflow.es\/eu\/wp-json\/wp\/v2\/product_tag?post=1907"}],"curies":[{"name":"wp","href":"https:\/\/api.w.org\/{rel}","templated":true}]}}