{"id":29,"date":"2023-11-10T10:09:49","date_gmt":"2023-11-10T10:09:49","guid":{"rendered":"https:\/\/sunflow.es\/sunflow\/?page_id=29"},"modified":"2023-11-22T16:46:43","modified_gmt":"2023-11-22T16:46:43","slug":"somos","status":"publish","type":"page","link":"https:\/\/sunflow.es\/eu\/somos\/","title":{"rendered":"Somos"},"content":{"rendered":"<div data-elementor-type=\"wp-page\" data-elementor-id=\"29\" class=\"elementor elementor-29\" data-elementor-post-type=\"page\">\n\t\t\t\t\t\t<section class=\"elementor-section elementor-top-section elementor-element elementor-element-3f9de10 elementor-section-boxed elementor-section-height-default elementor-section-height-default\" data-id=\"3f9de10\" data-element_type=\"section\" data-e-type=\"section\" data-settings=\"{&quot;background_background&quot;:&quot;classic&quot;}\">\n\t\t\t\t\t\t\t<div class=\"elementor-background-overlay\"><\/div>\n\t\t\t\t\t\t\t<div class=\"elementor-container elementor-column-gap-default\">\n\t\t\t\t\t<div class=\"elementor-column elementor-col-100 elementor-top-column elementor-element elementor-element-9fc65f1\" data-id=\"9fc65f1\" data-element_type=\"column\" data-e-type=\"column\">\n\t\t\t<div class=\"elementor-widget-wrap\">\n\t\t\t\t\t\t\t<\/div>\n\t\t<\/div>\n\t\t\t\t\t<\/div>\n\t\t<\/section>\n\t\t<div class=\"elementor-element elementor-element-78e9e20 e-flex e-con-boxed e-con e-parent\" data-id=\"78e9e20\" data-element_type=\"container\" data-e-type=\"container\" data-settings=\"{&quot;background_background&quot;:&quot;classic&quot;}\">\n\t\t\t\t\t<div class=\"e-con-inner\">\n\t\t\t\t<div class=\"elementor-element elementor-element-0d0b147 elementor-invisible elementor-widget elementor-widget-heading\" data-id=\"0d0b147\" data-element_type=\"widget\" data-e-type=\"widget\" data-settings=\"{&quot;_animation&quot;:&quot;fadeInLeft&quot;}\" data-widget_type=\"heading.default\">\n\t\t\t\t<div class=\"elementor-widget-container\">\n\t\t\t\t\t<h2 class=\"elementor-heading-title elementor-size-default\">\u00bfQui\u00e9nes somos?<\/h2>\t\t\t\t<\/div>\n\t\t\t\t<\/div>\n\t\t\t\t<div class=\"elementor-element elementor-element-ad90dee elementor-widget elementor-widget-text-editor\" data-id=\"ad90dee\" data-element_type=\"widget\" data-e-type=\"widget\" data-widget_type=\"text-editor.default\">\n\t\t\t\t<div class=\"elementor-widget-container\">\n\t\t\t\t\t\t\t\t\t<p>Basque Live Project es una suma de sensibilidades relacionadas con el arte, la moda, el dise\u00f1o, la creatividad, las ideas, el pensamiento y las emociones.<\/p>\n<p>Nos dedicamos a diversas actividades:<\/p>\t\t\t\t\t\t\t\t<\/div>\n\t\t\t\t<\/div>\n\t\t\t\t\t<\/div>\n\t\t\t\t<\/div>\n\t\t<div class=\"elementor-element elementor-element-6b10c07 e-flex e-con-boxed e-con e-parent\" data-id=\"6b10c07\" data-element_type=\"container\" data-e-type=\"container\" data-settings=\"{&quot;background_background&quot;:&quot;classic&quot;}\">\n\t\t\t\t\t<div class=\"e-con-inner\">\n\t\t<div class=\"elementor-element elementor-element-eae96e6 e-con-full e-flex e-con e-child\" data-id=\"eae96e6\" data-element_type=\"container\" data-e-type=\"container\">\n\t\t\t\t<div class=\"elementor-element elementor-element-7527d61 elementor-widget elementor-widget-text-editor\" data-id=\"7527d61\" data-element_type=\"widget\" data-e-type=\"widget\" data-widget_type=\"text-editor.default\">\n\t\t\t\t<div class=\"elementor-widget-container\">\n\t\t\t\t\t\t\t\t\t<ol><li>Creaci\u00f3n y desarrollo de art\u00edculos a partir de dise\u00f1os, im\u00e1genes, conceptos e ideas propias. ( contamos con un amplio catalogo de art\u00edculos de dise\u00f1o y creaci\u00f3n propios y muy pronto ampliaremos con varios dise\u00f1os que se encuentran en proceso de fabricaci\u00f3n.<\/li><\/ol>\t\t\t\t\t\t\t\t<\/div>\n\t\t\t\t<\/div>\n\t\t\t\t<\/div>\n\t\t<div class=\"elementor-element elementor-element-031ae50 e-con-full e-flex e-con e-child\" data-id=\"031ae50\" data-element_type=\"container\" data-e-type=\"container\">\n\t\t\t\t<div class=\"elementor-element elementor-element-7d4a8f3 elementor-widget elementor-widget-image\" data-id=\"7d4a8f3\" data-element_type=\"widget\" data-e-type=\"widget\" data-widget_type=\"image.default\">\n\t\t\t\t<div class=\"elementor-widget-container\">\n\t\t\t\t\t\t\t\t\t\t\t\t\t\t\t<img fetchpriority=\"high\" decoding=\"async\" width=\"600\" height=\"296\" src=\"https:\/\/sunflow.es\/wp-content\/uploads\/2023\/11\/1212-600x296-1.jpg\" class=\"elementor-animation-grow attachment-large size-large wp-image-832\" alt=\"\" srcset=\"https:\/\/sunflow.es\/wp-content\/uploads\/2023\/11\/1212-600x296-1.jpg 600w, https:\/\/sunflow.es\/wp-content\/uploads\/2023\/11\/1212-600x296-1-300x148.jpg 300w, https:\/\/sunflow.es\/wp-content\/uploads\/2023\/11\/1212-600x296-1-18x9.jpg 18w\" sizes=\"(max-width: 600px) 100vw, 600px\" \/>\t\t\t\t\t\t\t\t\t\t\t\t\t\t\t<\/div>\n\t\t\t\t<\/div>\n\t\t\t\t<\/div>\n\t\t\t\t\t<\/div>\n\t\t\t\t<\/div>\n\t\t<div class=\"elementor-element elementor-element-94f9f1a e-flex e-con-boxed e-con e-parent\" data-id=\"94f9f1a\" data-element_type=\"container\" data-e-type=\"container\" data-settings=\"{&quot;background_background&quot;:&quot;classic&quot;}\">\n\t\t\t\t\t<div class=\"e-con-inner\">\n\t\t<div class=\"elementor-element elementor-element-3f50dda e-con-full e-flex e-con e-child\" data-id=\"3f50dda\" data-element_type=\"container\" data-e-type=\"container\">\n\t\t\t\t<div class=\"elementor-element elementor-element-185e3ed elementor-widget elementor-widget-image\" data-id=\"185e3ed\" data-element_type=\"widget\" data-e-type=\"widget\" data-widget_type=\"image.default\">\n\t\t\t\t<div class=\"elementor-widget-container\">\n\t\t\t\t\t\t\t\t\t\t\t\t\t\t\t<img decoding=\"async\" width=\"424\" height=\"600\" src=\"https:\/\/sunflow.es\/wp-content\/uploads\/2023\/11\/boomb-424x600-1.jpg\" class=\"elementor-animation-grow attachment-large size-large wp-image-831\" alt=\"\" srcset=\"https:\/\/sunflow.es\/wp-content\/uploads\/2023\/11\/boomb-424x600-1.jpg 424w, https:\/\/sunflow.es\/wp-content\/uploads\/2023\/11\/boomb-424x600-1-212x300.jpg 212w, https:\/\/sunflow.es\/wp-content\/uploads\/2023\/11\/boomb-424x600-1-8x12.jpg 8w\" sizes=\"(max-width: 424px) 100vw, 424px\" \/>\t\t\t\t\t\t\t\t\t\t\t\t\t\t\t<\/div>\n\t\t\t\t<\/div>\n\t\t\t\t<\/div>\n\t\t<div class=\"elementor-element elementor-element-a10ee90 e-con-full e-flex e-con e-child\" data-id=\"a10ee90\" data-element_type=\"container\" data-e-type=\"container\">\n\t\t\t\t<div class=\"elementor-element elementor-element-e2c38e4 elementor-widget elementor-widget-text-editor\" data-id=\"e2c38e4\" data-element_type=\"widget\" data-e-type=\"widget\" data-widget_type=\"text-editor.default\">\n\t\t\t\t<div class=\"elementor-widget-container\">\n\t\t\t\t\t\t\t\t\t<p>2. Campa\u00f1as de publicidad inteligente, sesiones de fotograf\u00eda dedicada a la publicidad y marketing de nuestros productos y de clientes externos y participaci\u00f3n en eventos, en proyectos audiovisuales y otras actividades de \u00edndole cultural y art\u00edstica.<\/p>\t\t\t\t\t\t\t\t<\/div>\n\t\t\t\t<\/div>\n\t\t\t\t<\/div>\n\t\t\t\t\t<\/div>\n\t\t\t\t<\/div>\n\t\t<div class=\"elementor-element elementor-element-5a2b8ab e-flex e-con-boxed e-con e-parent\" data-id=\"5a2b8ab\" data-element_type=\"container\" data-e-type=\"container\" data-settings=\"{&quot;background_background&quot;:&quot;classic&quot;}\">\n\t\t\t\t\t<div class=\"e-con-inner\">\n\t\t\t\t<div class=\"elementor-element elementor-element-210833d elementor-widget elementor-widget-text-editor\" data-id=\"210833d\" data-element_type=\"widget\" data-e-type=\"widget\" data-widget_type=\"text-editor.default\">\n\t\t\t\t<div class=\"elementor-widget-container\">\n\t\t\t\t\t\t\t\t\t<p>Para la comercializaci\u00f3n de art\u00edculos de regalo, bisuter\u00eda y prendas textiles con esta denominaci\u00f3n hemos registrado<\/p>\n<p>con fecha 15 Mayo de 2017 la siguiente marca:<\/p>\t\t\t\t\t\t\t\t<\/div>\n\t\t\t\t<\/div>\n\t\t\t\t<div class=\"elementor-element elementor-element-1bf6f1d elementor-widget elementor-widget-image\" data-id=\"1bf6f1d\" data-element_type=\"widget\" data-e-type=\"widget\" data-widget_type=\"image.default\">\n\t\t\t\t<div class=\"elementor-widget-container\">\n\t\t\t\t\t\t\t\t\t\t\t\t\t\t\t<img decoding=\"async\" width=\"416\" height=\"264\" src=\"https:\/\/sunflow.es\/wp-content\/uploads\/2023\/11\/LOGO-BASQUE-LIVE-416x264-1.png\" class=\"elementor-animation-grow attachment-large size-large wp-image-830\" alt=\"\" srcset=\"https:\/\/sunflow.es\/wp-content\/uploads\/2023\/11\/LOGO-BASQUE-LIVE-416x264-1.png 416w, https:\/\/sunflow.es\/wp-content\/uploads\/2023\/11\/LOGO-BASQUE-LIVE-416x264-1-300x190.png 300w, https:\/\/sunflow.es\/wp-content\/uploads\/2023\/11\/LOGO-BASQUE-LIVE-416x264-1-18x12.png 18w\" sizes=\"(max-width: 416px) 100vw, 416px\" \/>\t\t\t\t\t\t\t\t\t\t\t\t\t\t\t<\/div>\n\t\t\t\t<\/div>\n\t\t\t\t<div class=\"elementor-element elementor-element-ab9a1c2 elementor-widget elementor-widget-text-editor\" data-id=\"ab9a1c2\" data-element_type=\"widget\" data-e-type=\"widget\" data-widget_type=\"text-editor.default\">\n\t\t\t\t<div class=\"elementor-widget-container\">\n\t\t\t\t\t\t\t\t\t<p>y el dominio www.basquelive.com para tienda on line de nuestros art\u00edculos, adem\u00e1s estamos presentes en redes sociales con Facebook\/basquelive e instagram. basque_live_project<\/p>\t\t\t\t\t\t\t\t<\/div>\n\t\t\t\t<\/div>\n\t\t\t\t<div class=\"elementor-element elementor-element-f2d9d38 elementor-widget elementor-widget-image\" data-id=\"f2d9d38\" data-element_type=\"widget\" data-e-type=\"widget\" data-widget_type=\"image.default\">\n\t\t\t\t<div class=\"elementor-widget-container\">\n\t\t\t\t\t\t\t\t\t\t\t\t\t\t\t<img loading=\"lazy\" decoding=\"async\" width=\"600\" height=\"337\" src=\"https:\/\/sunflow.es\/wp-content\/uploads\/2023\/11\/mmexport1557413302048-600x337-1-1.jpg\" class=\"elementor-animation-grow attachment-large size-large wp-image-833\" alt=\"\" srcset=\"https:\/\/sunflow.es\/wp-content\/uploads\/2023\/11\/mmexport1557413302048-600x337-1-1.jpg 600w, https:\/\/sunflow.es\/wp-content\/uploads\/2023\/11\/mmexport1557413302048-600x337-1-1-300x169.jpg 300w, https:\/\/sunflow.es\/wp-content\/uploads\/2023\/11\/mmexport1557413302048-600x337-1-1-18x10.jpg 18w\" sizes=\"(max-width: 600px) 100vw, 600px\" \/>\t\t\t\t\t\t\t\t\t\t\t\t\t\t\t<\/div>\n\t\t\t\t<\/div>\n\t\t\t\t<div class=\"elementor-element elementor-element-55399a7 elementor-widget elementor-widget-text-editor\" data-id=\"55399a7\" data-element_type=\"widget\" data-e-type=\"widget\" data-widget_type=\"text-editor.default\">\n\t\t\t\t<div class=\"elementor-widget-container\">\n\t\t\t\t\t\t\t\t\t<p>Equipo Basque live Project.<\/p>\n<p>Pedro Arregui ( fot\u00f3graf\u00eda &amp; dise\u00f1o )<\/p>\n<p>Maja Knopkiewicz ( projects \u2013 manager)<\/p>\t\t\t\t\t\t\t\t<\/div>\n\t\t\t\t<\/div>\n\t\t\t\t\t<\/div>\n\t\t\t\t<\/div>\n\t\t\t\t<\/div>","protected":false},"excerpt":{"rendered":"<p>\u00bfQui\u00e9nes somos? Basque Live Project es una suma de sensibilidades relacionadas con el arte, la moda, el dise\u00f1o, la creatividad, las ideas, el pensamiento y las emociones. Nos dedicamos a diversas actividades: Creaci\u00f3n y desarrollo de art\u00edculos a partir de dise\u00f1os, im\u00e1genes, conceptos e ideas propias. ( contamos con un amplio catalogo de art\u00edculos de [&hellip;]<\/p>\n","protected":false},"author":1,"featured_media":0,"parent":0,"menu_order":0,"comment_status":"closed","ping_status":"closed","template":"elementor_canvas","meta":{"footnotes":""},"class_list":["post-29","page","type-page","status-publish","hentry"],"yoast_head":"<!-- This site is optimized with the Yoast SEO plugin v27.6 - https:\/\/yoast.com\/product\/yoast-seo-wordpress\/ -->\n<title>Somos - Sun &amp; Flow<\/title>\n<meta name=\"robots\" content=\"index, follow, max-snippet:-1, max-image-preview:large, max-video-preview:-1\" \/>\n<link rel=\"canonical\" href=\"https:\/\/sunflow.es\/eu\/somos\/\" \/>\n<meta property=\"og:locale\" content=\"en_US\" \/>\n<meta property=\"og:type\" content=\"article\" \/>\n<meta property=\"og:title\" content=\"Somos - Sun &amp; Flow\" \/>\n<meta property=\"og:description\" content=\"\u00bfQui\u00e9nes somos? Basque Live Project es una suma de sensibilidades relacionadas con el arte, la moda, el dise\u00f1o, la creatividad, las ideas, el pensamiento y las emociones. Nos dedicamos a diversas actividades: Creaci\u00f3n y desarrollo de art\u00edculos a partir de dise\u00f1os, im\u00e1genes, conceptos e ideas propias. ( contamos con un amplio catalogo de art\u00edculos de [&hellip;]\" \/>\n<meta property=\"og:url\" content=\"https:\/\/sunflow.es\/eu\/somos\/\" \/>\n<meta property=\"og:site_name\" content=\"Sun &amp; Flow\" \/>\n<meta property=\"article:modified_time\" content=\"2023-11-22T16:46:43+00:00\" \/>\n<meta property=\"og:image\" content=\"https:\/\/sunflow.es\/wp-content\/uploads\/2023\/11\/1212-600x296-1.jpg\" \/>\n<meta name=\"twitter:card\" content=\"summary_large_image\" \/>\n<meta name=\"twitter:label1\" content=\"Est. reading time\" \/>\n\t<meta name=\"twitter:data1\" content=\"2 minutua\" \/>\n<script type=\"application\/ld+json\" class=\"yoast-schema-graph\">{\"@context\":\"https:\\\/\\\/schema.org\",\"@graph\":[{\"@type\":\"WebPage\",\"@id\":\"https:\\\/\\\/sunflow.es\\\/somos\\\/\",\"url\":\"https:\\\/\\\/sunflow.es\\\/somos\\\/\",\"name\":\"Somos - Sun &amp; Flow\",\"isPartOf\":{\"@id\":\"https:\\\/\\\/sunflow.es\\\/#website\"},\"primaryImageOfPage\":{\"@id\":\"https:\\\/\\\/sunflow.es\\\/somos\\\/#primaryimage\"},\"image\":{\"@id\":\"https:\\\/\\\/sunflow.es\\\/somos\\\/#primaryimage\"},\"thumbnailUrl\":\"https:\\\/\\\/sunflow.es\\\/wp-content\\\/uploads\\\/2023\\\/11\\\/1212-600x296-1.jpg\",\"datePublished\":\"2023-11-10T10:09:49+00:00\",\"dateModified\":\"2023-11-22T16:46:43+00:00\",\"breadcrumb\":{\"@id\":\"https:\\\/\\\/sunflow.es\\\/somos\\\/#breadcrumb\"},\"inLanguage\":\"eu\",\"potentialAction\":[{\"@type\":\"ReadAction\",\"target\":[\"https:\\\/\\\/sunflow.es\\\/somos\\\/\"]}]},{\"@type\":\"ImageObject\",\"inLanguage\":\"eu\",\"@id\":\"https:\\\/\\\/sunflow.es\\\/somos\\\/#primaryimage\",\"url\":\"https:\\\/\\\/sunflow.es\\\/wp-content\\\/uploads\\\/2023\\\/11\\\/1212-600x296-1.jpg\",\"contentUrl\":\"https:\\\/\\\/sunflow.es\\\/wp-content\\\/uploads\\\/2023\\\/11\\\/1212-600x296-1.jpg\"},{\"@type\":\"BreadcrumbList\",\"@id\":\"https:\\\/\\\/sunflow.es\\\/somos\\\/#breadcrumb\",\"itemListElement\":[{\"@type\":\"ListItem\",\"position\":1,\"name\":\"Portada\",\"item\":\"https:\\\/\\\/sunflow.es\\\/\"},{\"@type\":\"ListItem\",\"position\":2,\"name\":\"Somos\"}]},{\"@type\":\"WebSite\",\"@id\":\"https:\\\/\\\/sunflow.es\\\/#website\",\"url\":\"https:\\\/\\\/sunflow.es\\\/\",\"name\":\"Sun &amp; Flow\",\"description\":\"Sun &amp; Flow\",\"publisher\":{\"@id\":\"https:\\\/\\\/sunflow.es\\\/#organization\"},\"potentialAction\":[{\"@type\":\"SearchAction\",\"target\":{\"@type\":\"EntryPoint\",\"urlTemplate\":\"https:\\\/\\\/sunflow.es\\\/?s={search_term_string}\"},\"query-input\":{\"@type\":\"PropertyValueSpecification\",\"valueRequired\":true,\"valueName\":\"search_term_string\"}}],\"inLanguage\":\"eu\"},{\"@type\":\"Organization\",\"@id\":\"https:\\\/\\\/sunflow.es\\\/#organization\",\"name\":\"Sun &amp; Flow\",\"url\":\"https:\\\/\\\/sunflow.es\\\/\",\"logo\":{\"@type\":\"ImageObject\",\"inLanguage\":\"eu\",\"@id\":\"https:\\\/\\\/sunflow.es\\\/#\\\/schema\\\/logo\\\/image\\\/\",\"url\":\"https:\\\/\\\/sunflow.es\\\/wp-content\\\/uploads\\\/2023\\\/11\\\/cropped-logotransp.png\",\"contentUrl\":\"https:\\\/\\\/sunflow.es\\\/wp-content\\\/uploads\\\/2023\\\/11\\\/cropped-logotransp.png\",\"width\":451,\"height\":167,\"caption\":\"Sun &amp; Flow\"},\"image\":{\"@id\":\"https:\\\/\\\/sunflow.es\\\/#\\\/schema\\\/logo\\\/image\\\/\"}}]}<\/script>\n<!-- \/ Yoast SEO plugin. -->","yoast_head_json":{"title":"Somos - Sun &amp; Flow","robots":{"index":"index","follow":"follow","max-snippet":"max-snippet:-1","max-image-preview":"max-image-preview:large","max-video-preview":"max-video-preview:-1"},"canonical":"https:\/\/sunflow.es\/eu\/somos\/","og_locale":"en_US","og_type":"article","og_title":"Somos - Sun &amp; Flow","og_description":"\u00bfQui\u00e9nes somos? Basque Live Project es una suma de sensibilidades relacionadas con el arte, la moda, el dise\u00f1o, la creatividad, las ideas, el pensamiento y las emociones. Nos dedicamos a diversas actividades: Creaci\u00f3n y desarrollo de art\u00edculos a partir de dise\u00f1os, im\u00e1genes, conceptos e ideas propias. ( contamos con un amplio catalogo de art\u00edculos de [&hellip;]","og_url":"https:\/\/sunflow.es\/eu\/somos\/","og_site_name":"Sun &amp; Flow","article_modified_time":"2023-11-22T16:46:43+00:00","og_image":[{"url":"https:\/\/sunflow.es\/wp-content\/uploads\/2023\/11\/1212-600x296-1.jpg","type":"","width":"","height":""}],"twitter_card":"summary_large_image","twitter_misc":{"Est. reading time":"2 minutua"},"schema":{"@context":"https:\/\/schema.org","@graph":[{"@type":"WebPage","@id":"https:\/\/sunflow.es\/somos\/","url":"https:\/\/sunflow.es\/somos\/","name":"Somos - Sun &amp; Flow","isPartOf":{"@id":"https:\/\/sunflow.es\/#website"},"primaryImageOfPage":{"@id":"https:\/\/sunflow.es\/somos\/#primaryimage"},"image":{"@id":"https:\/\/sunflow.es\/somos\/#primaryimage"},"thumbnailUrl":"https:\/\/sunflow.es\/wp-content\/uploads\/2023\/11\/1212-600x296-1.jpg","datePublished":"2023-11-10T10:09:49+00:00","dateModified":"2023-11-22T16:46:43+00:00","breadcrumb":{"@id":"https:\/\/sunflow.es\/somos\/#breadcrumb"},"inLanguage":"eu","potentialAction":[{"@type":"ReadAction","target":["https:\/\/sunflow.es\/somos\/"]}]},{"@type":"ImageObject","inLanguage":"eu","@id":"https:\/\/sunflow.es\/somos\/#primaryimage","url":"https:\/\/sunflow.es\/wp-content\/uploads\/2023\/11\/1212-600x296-1.jpg","contentUrl":"https:\/\/sunflow.es\/wp-content\/uploads\/2023\/11\/1212-600x296-1.jpg"},{"@type":"BreadcrumbList","@id":"https:\/\/sunflow.es\/somos\/#breadcrumb","itemListElement":[{"@type":"ListItem","position":1,"name":"Portada","item":"https:\/\/sunflow.es\/"},{"@type":"ListItem","position":2,"name":"Somos"}]},{"@type":"WebSite","@id":"https:\/\/sunflow.es\/#website","url":"https:\/\/sunflow.es\/","name":"Sun &amp; Flow","description":"Sun &amp; Flow","publisher":{"@id":"https:\/\/sunflow.es\/#organization"},"potentialAction":[{"@type":"SearchAction","target":{"@type":"EntryPoint","urlTemplate":"https:\/\/sunflow.es\/?s={search_term_string}"},"query-input":{"@type":"PropertyValueSpecification","valueRequired":true,"valueName":"search_term_string"}}],"inLanguage":"eu"},{"@type":"Organization","@id":"https:\/\/sunflow.es\/#organization","name":"Sun &amp; Flow","url":"https:\/\/sunflow.es\/","logo":{"@type":"ImageObject","inLanguage":"eu","@id":"https:\/\/sunflow.es\/#\/schema\/logo\/image\/","url":"https:\/\/sunflow.es\/wp-content\/uploads\/2023\/11\/cropped-logotransp.png","contentUrl":"https:\/\/sunflow.es\/wp-content\/uploads\/2023\/11\/cropped-logotransp.png","width":451,"height":167,"caption":"Sun &amp; Flow"},"image":{"@id":"https:\/\/sunflow.es\/#\/schema\/logo\/image\/"}}]}},"jetpack_sharing_enabled":true,"_links":{"self":[{"href":"https:\/\/sunflow.es\/eu\/wp-json\/wp\/v2\/pages\/29","targetHints":{"allow":["GET"]}}],"collection":[{"href":"https:\/\/sunflow.es\/eu\/wp-json\/wp\/v2\/pages"}],"about":[{"href":"https:\/\/sunflow.es\/eu\/wp-json\/wp\/v2\/types\/page"}],"author":[{"embeddable":true,"href":"https:\/\/sunflow.es\/eu\/wp-json\/wp\/v2\/users\/1"}],"replies":[{"embeddable":true,"href":"https:\/\/sunflow.es\/eu\/wp-json\/wp\/v2\/comments?post=29"}],"version-history":[{"count":52,"href":"https:\/\/sunflow.es\/eu\/wp-json\/wp\/v2\/pages\/29\/revisions"}],"predecessor-version":[{"id":1690,"href":"https:\/\/sunflow.es\/eu\/wp-json\/wp\/v2\/pages\/29\/revisions\/1690"}],"wp:attachment":[{"href":"https:\/\/sunflow.es\/eu\/wp-json\/wp\/v2\/media?parent=29"}],"curies":[{"name":"wp","href":"https:\/\/api.w.org\/{rel}","templated":true}]}}